{"id":99,"date":"2020-01-21T22:36:38","date_gmt":"2020-01-21T22:36:38","guid":{"rendered":"https:\/\/www.gica.tn\/fr\/?page_id=99"},"modified":"2020-02-18T14:21:04","modified_gmt":"2020-02-18T14:21:04","slug":"essais-physico-chimique-2","status":"publish","type":"page","link":"https:\/\/www.gica.tn\/fr\/?page_id=99","title":{"rendered":"Essais physico-chimique"},"content":{"rendered":"\n<figure class=\"wp-block-image size-large\"><img loading=\"lazy\" decoding=\"async\" width=\"1024\" height=\"248\" src=\"https:\/\/www.gica.tn\/fr\/wp-content\/uploads\/2020\/02\/Analyses-Physico-Chimiques-1024x248.jpg\" alt=\"\" class=\"wp-image-310\" srcset=\"https:\/\/www.gica.tn\/fr\/wp-content\/uploads\/2020\/02\/Analyses-Physico-Chimiques-1024x248.jpg 1024w, https:\/\/www.gica.tn\/fr\/wp-content\/uploads\/2020\/02\/Analyses-Physico-Chimiques-300x73.jpg 300w, https:\/\/www.gica.tn\/fr\/wp-content\/uploads\/2020\/02\/Analyses-Physico-Chimiques-768x186.jpg 768w, https:\/\/www.gica.tn\/fr\/wp-content\/uploads\/2020\/02\/Analyses-Physico-Chimiques-227x55.jpg 227w, https:\/\/www.gica.tn\/fr\/wp-content\/uploads\/2020\/02\/Analyses-Physico-Chimiques-947x229.jpg 947w, https:\/\/www.gica.tn\/fr\/wp-content\/uploads\/2020\/02\/Analyses-Physico-Chimiques-624x151.jpg 624w, https:\/\/www.gica.tn\/fr\/wp-content\/uploads\/2020\/02\/Analyses-Physico-Chimiques.jpg 1158w\" sizes=\"(max-width: 1024px) 100vw, 1024px\" \/><\/figure>\n\n\n\n<h4 class=\"has-vivid-red-color has-text-color wp-block-heading\"> <strong>Les Analyses physico-chimiques des conserves de tomate<\/strong> <\/h4>\n\n\n\n<figure class=\"wp-block-table is-style-stripes\"><table class=\"\"><tbody><tr><td>\n  <strong>ANALYSES<\/strong>\n  <\/td><td>\n  <strong>REFERENCES<\/strong><strong><\/strong>\n  <\/td><\/tr><tr><td>\n  <strong>Chlorures totaux&nbsp;&nbsp;\n  *<\/strong>\n  <\/td><td>\n  <strong>ISO 3634 (1979)<\/strong>\n  <\/td><\/tr><tr><td>\n  <strong>R\u00e9sidu Sec Soluble *<\/strong>\n  <\/td><td>\n  <strong>NT ISO 2173\n  (2003)<\/strong>\n  <\/td><\/tr><tr><td>\n  <strong>D\u00e9termination de l\u2019acidit\u00e9 titrable *<\/strong>\n  <\/td><td>\n  <strong>NF EN 12147\n  (1997) <\/strong>\n  <\/td><\/tr><tr><td>\n  <strong>Acidit\u00e9 titrable en acide citrique *<\/strong>\n  <\/td><td>\n  <strong>NF V 05-101\n  (1974)<\/strong>\n  <\/td><\/tr><tr><td>\n  <strong>Acidit\u00e9 titrable en acide lactique <\/strong>\n  <\/td><td>\n  <strong>NF V 05-101 (1974)<\/strong>\n  <\/td><\/tr><tr><td>\n  <strong>Mesurage\n  du pH *<\/strong>\n  <\/td><td>\n  <strong>ISO 1842\n  (1991)<\/strong>\n  <\/td><\/tr><tr><td>\n  <strong>D\u00e9termination du poids net *<\/strong>\n  <\/td><td>\n  <strong>D\u00e9cision n\u00b08 (CTCPA)<\/strong>\n  <\/td><\/tr><tr><td>\n  <strong>Chlorures naturelles *<\/strong><strong><\/strong>\n  <\/td><td>\n  <strong>D\u00e9cision n\u00b08\n  (CTCPA)<\/strong>\n  <\/td><\/tr><tr><td>\n  <strong>Chlorures ajout\u00e9es *<\/strong><strong><\/strong>\n  <\/td><td>\n  <strong>D\u00e9cision n\u00b08\n  (CTCPA)<\/strong>\n  <\/td><\/tr><tr><td>\n  <strong>R\u00e9sidu Sec Sel D\u00e9duit (RSSD) *<\/strong>\n  <\/td><td>\n  <strong>D\u00e9cision n\u00b08\n  (CTCPA)<\/strong>\n  <\/td><\/tr><tr><td>\n  <strong>D\u00e9termination de l\u2019acidit\u00e9 totale exprim\u00e9e en acide\n  citrique pour 100 du r\u00e9sidu sec sel d\u00e9duit&nbsp;\n  *<\/strong><strong><\/strong>\n  <\/td><td>\n  <strong>D\u00e9cision n\u00b08\n  (CTCPA)<\/strong>\n  <\/td><\/tr><tr><td>\n  <strong>Mesure de la d\u00e9pression interne *<\/strong>\n  <\/td><td>\n  <strong>Fiche n\u00b06 du\n  CTCPA&nbsp; (1995) <\/strong>\n  <\/td><\/tr><tr><td>\n  <strong>Colorants<\/strong>\n  <\/td><td>\n  <strong>M\u00e9thode\n  interne<\/strong>\n  <\/td><\/tr><tr><td>\n  <strong>D\u00e9termination du poids net \u00e9goutt\u00e9 *<\/strong>\n  <\/td><td>\n  <strong>AOAC 968.30 <\/strong>\n  <\/td><\/tr><tr><td>\n  <strong>Mesure de la consistance<\/strong>\n  <\/td><td>\n  <strong>US Department of agriculture, canned fruits and vegetable service<\/strong>\n  <\/td><\/tr><tr><td>\n  <strong>D\u00e9termination des impuret\u00e9s min\u00e9rales*<\/strong>\n  <\/td><td>\n  <strong>NT 52.17 (1982)<\/strong>\n  <\/td><\/tr><tr><td>\n  <strong>D\u00e9termination des impuret\u00e9s min\u00e9rales rapport\u00e9es \u00e0 8% du r\u00e9sidu sec sel\n  d\u00e9duit *<\/strong><strong><\/strong>\n  <\/td><td>\n  <strong>NT 52.02 (2005)<\/strong>\n  <\/td><\/tr><tr><td>\n  <strong>D\u00e9termination des cendres insolubles dans l\u2019acide chlorhydrique<\/strong>\n  <\/td><td>\n  <strong>NT 52.18 <\/strong>\n  <\/td><\/tr><tr><td>\n  <strong>Examens visuels du produit\/Etat du contenant<\/strong>\n  <\/td><td>\n  <strong>NT 52.02<\/strong>\n  <\/td><\/tr><\/tbody><\/table><\/figure>\n\n\n\n<p><\/p>\n\n\n\n<h4 class=\"has-vivid-red-color has-text-color wp-block-heading\"><strong>Les Analyses physico-chimiques des conserves d\u2019harissa<\/strong><\/h4>\n\n\n\n<figure class=\"wp-block-table is-style-stripes\"><table class=\"\"><tbody><tr><td>\n  <strong>ANALYSES<\/strong>\n  <\/td><td>\n  <strong>REFERENCES<\/strong><strong><\/strong>\n  <\/td><\/tr><tr><td>\n  <strong>Chlorures totaux *<\/strong>\n  <\/td><td>\n  <strong>ISO 3634 (1979)&nbsp;&nbsp;&nbsp;&nbsp;&nbsp; <\/strong>\n  <\/td><\/tr><tr><td>\n  <strong>R\u00e9sidu Sec Soluble *<\/strong>\n  <\/td><td>\n  <strong>NT ISO 2173\n  (2003)<\/strong>\n  <\/td><\/tr><tr><td>\n  <strong>D\u00e9termination de l\u2019acidit\u00e9 titrable&nbsp; *<\/strong>\n  <\/td><td>\n  <strong>NF EN 12147\n  (1997)<\/strong>\n  <\/td><\/tr><tr><td>\n  <strong>Acidit\u00e9 titrable en acide citrique *<\/strong>\n  <\/td><td>\n  <strong>NF V 05-101\n  (1974)<\/strong>\n  <\/td><\/tr><tr><td>\n  <strong>Acidit\u00e9 titrable en acide lactique <\/strong>\n  <\/td><td>\n  <strong>NF V 05-101 <\/strong>\n  <\/td><\/tr><tr><td>\n  <strong>Mesurage du pH *<\/strong>\n  <\/td><td>\n  <strong>ISO 1842\n  (1991)<\/strong>\n  <\/td><\/tr><tr><td>\n  <strong>D\u00e9termination du poids net *<\/strong>\n  <\/td><td>\n  <strong>D\u00e9cision n\u00b08\n  (CTCPA)<\/strong>\n  <\/td><\/tr><tr><td>\n  <strong>Chlorures naturelles*<\/strong><strong><\/strong>\n  <\/td><td>\n  <strong>D\u00e9cision n\u00b08\n  (CTCPA)<\/strong>\n  <\/td><\/tr><tr><td>\n  <strong>Chlorures ajout\u00e9es*<\/strong><strong><\/strong>\n  <\/td><td>\n  <strong>D\u00e9cision n\u00b08\n  (CTCPA)<\/strong>\n  <\/td><\/tr><tr><td>\n  <strong>R\u00e9sidu Sec Soluble Sels D\u00e9duits*<\/strong>\n  <\/td><td>\n  <strong>NT ISO 2173\n  (2003)<\/strong>\n  <\/td><\/tr><tr><td>\n  <strong>D\u00e9termination de l\u2019acidit\u00e9 totale exprim\u00e9e en acide\n  citrique pour 100 du r\u00e9sidu sec total *<\/strong><strong><\/strong>\n  <\/td><td>\n  <strong>Arr\u00eat\u00e9 du 02\n  Mai 2016 relatif aux conserves de piments (m\u00e9thode par calcul)<\/strong>\n  <\/td><\/tr><tr><td>\n  <strong>Mesure de la d\u00e9pression interne *<\/strong>\n  <\/td><td>\n  <strong>Fiche n\u00b06 du\n  CTCPA (1995) <\/strong>\n  <\/td><\/tr><tr><td>\n  <strong>Colorants<\/strong>\n  <\/td><td>\n  <strong>M\u00e9thode\n  interne<\/strong>\n  <\/td><\/tr><tr><td>\n  <strong>Recherche et dosage du colorant rouge soudan <\/strong><strong><\/strong>\n  <\/td><td>\n  <strong>HPLC<\/strong>\n  <\/td><\/tr><tr><td>\n  <strong>D\u00e9termination du r\u00e9sidu sec total*<\/strong><strong><\/strong>\n  <\/td><td>\n  <strong>NT 52.19\n  (1982) <\/strong>\n  <\/td><\/tr><tr><td>\n  <strong>D\u00e9termination des cendres insolubles dans l\u2019acide chlorhydrique<\/strong>\n  <\/td><td>\n  <strong>NT 52.18 <\/strong>\n  <\/td><\/tr><tr><td>\n  <strong>D\u00e9termination des impuret\u00e9s min\u00e9rales*<\/strong>\n  <\/td><td>\n  <strong>NT 52.17 (1982)<\/strong>\n  <\/td><\/tr><tr><td>\n  <strong>Impuret\u00e9 \/ R\u00e9sidu Sec Total*<\/strong>\n  <\/td><td>\n  <strong>Arr\u00eat\u00e9 du 02 Mai 2016 relatif aux conserves de piments (m\u00e9thode par calcul)<\/strong>\n  <\/td><\/tr><tr><td>\n  <strong>Examen visuels du produit\/Etat du contenant<\/strong>\n  <\/td><td>\n  <strong>NT 52.07<\/strong>\n  <\/td><\/tr><\/tbody><\/table><\/figure>\n\n\n\n<figure class=\"wp-block-pullquote\" style=\"border-color:#313131\"><blockquote class=\"has-text-color\" style=\"color:#16875e\"><p><strong>Essais accr\u00e9dit\u00e9s <\/strong><\/p><cite> <strong>Les Analyses physico-chimiques des conserves de poissons<\/strong> <\/cite><\/blockquote><\/figure>\n\n\n\n<figure class=\"wp-block-table is-style-stripes\"><table class=\"\"><tbody><tr><td>\n  <strong>ANALYSES<\/strong><strong><\/strong>\n  <\/td><td>\n  <strong>REFERENCES<\/strong><strong><\/strong>\n  <\/td><\/tr><tr><td>\n  <strong>D\u00e9termination du poids net *<\/strong>\n  <\/td><td>\n  <strong>Recueil de normes fran\u00e7aises afnor-ctsccv <\/strong>\n  <\/td><\/tr><tr><td>\n  <strong>D\u00e9termination du poids net \u00e9goutt\u00e9 des conserves en\n  liquide de couverture *<\/strong>\n  <\/td><td>\n  <strong>Recueil de normes fran\u00e7aises afnor-ctsccv (1987)<\/strong>\n  <\/td><\/tr><tr><td>\n  <strong>RSS (milieu de couverture) *<\/strong>\n  <\/td><td>\n  <strong>NT ISO 2173\n  (2003)<\/strong>\n  <\/td><\/tr><tr><td>\n  <strong>D\u00e9termination de l\u2019indice d\u2019huile *<\/strong>\n  <\/td><td>\n  <strong>NT ISO&nbsp; 6320&nbsp;(2017)<\/strong>\n  <\/td><\/tr><tr><td>\n  <strong>Indice d\u2019acide et acidit\u00e9 de l\u2019huile*<\/strong>\n  <\/td><td>\n  <strong>ISO 660 (2009)<\/strong>\n  <\/td><\/tr><tr><td>\n  <strong>Mesurage du pH *<\/strong><strong><\/strong>\n  <\/td><td>\n  <strong>ISO 1842\n  (1991)<\/strong>\n  <\/td><\/tr><\/tbody><\/table><\/figure>\n\n\n\n<p><\/p>\n\n\n\n<figure class=\"wp-block-pullquote\"><blockquote class=\"has-text-color\" style=\"color:#16875e\"><p><strong>   Essais accr\u00e9dit\u00e9s  <\/strong><\/p><cite>Les Analyses physico-chimiques des conserves et semi-conserves des fruits et l\u00e9gumes et produits d\u00e9riv\u00e9s<\/cite><\/blockquote><\/figure>\n\n\n\n<figure class=\"wp-block-table is-style-stripes\"><table class=\"\"><tbody><tr><td>\n  <strong>ANALYSES<\/strong><strong><\/strong>\n  <\/td><td>\n  <strong>REFERENCES<\/strong><strong><\/strong>\n  <\/td><\/tr><tr><td>\n  <strong>R\u00e9sidu Sec Soluble *<\/strong>\n  <\/td><td>\n  <strong>NT ISO 2173 (2003)<\/strong>\n  <\/td><\/tr><tr><td>\n  <strong>D\u00e9termination de l\u2019acidit\u00e9 titrable&nbsp; *<\/strong>\n  <\/td><td>\n  <strong>NF EN 12147\n  (1997)<\/strong>\n  <\/td><\/tr><tr><td>\n  <strong>Acidit\u00e9 titrable en acide citrique *<\/strong>\n  <\/td><td>\n  <strong>NF V 05-101\n  (1974)<\/strong>\n  <\/td><\/tr><tr><td>\n  <strong>Acidit\u00e9 titrable en acide lactique <\/strong>\n  <\/td><td>\n  <strong>NF V 05-101 <\/strong>\n  <\/td><\/tr><tr><td>\n  <strong>Acidit\u00e9 titrable en acide tartrique<\/strong>\n  <\/td><td>\n  <strong>NF V 05-101 <\/strong>\n  <\/td><\/tr><tr><td>\n  <strong>Acidit\u00e9 titrable en acide malique <\/strong>\n  <\/td><td>\n  <strong>NF V 05-101 <\/strong>\n  <\/td><\/tr><tr><td>\n  <strong>Mesurage du pH *<\/strong>\n  <\/td><td>\n  <strong>ISO 1842\n  (1991)<\/strong>\n  <\/td><\/tr><tr><td>\n  <strong>D\u00e9termination du poids net&nbsp; *<\/strong>\n  <\/td><td>\n  <strong>D\u00e9cision n\u00b08\n  (CTCPA)<\/strong>\n  <\/td><\/tr><tr><td>\n  <strong>Mesure de la d\u00e9pression interne *<\/strong>\n  <\/td><td>\n  <strong>Fiche n\u00b06 du\n  CTCPA&nbsp; <\/strong>\n  <\/td><\/tr><tr><td>\n  <strong>D\u00e9termination du r\u00e9sidu sec total*<\/strong><strong><\/strong>\n  <\/td><td>\n  <strong>NT 52.19\n  (1982) <\/strong>\n  <\/td><\/tr><tr><td>\n  <strong>D\u00e9termination des cendres insolubles dans l\u2019acide chlorhydrique<\/strong>\n  <\/td><td>\n  <strong>NT 52.18 <\/strong>\n  <\/td><\/tr><tr><td>\n  <strong>D\u00e9termination des impuret\u00e9s min\u00e9rales*<\/strong>\n  <\/td><td>\n  <strong>NT 52.17 <\/strong>\n  <\/td><\/tr><tr><td>\n  <strong>D\u00e9termination du poids net \u00e9goutt\u00e9 *<\/strong>\n  <\/td><td>\n  <strong>AOAC 968.30 <\/strong>\n  <\/td><\/tr><tr><td>\n  <strong>Calibrage *<\/strong>\n  <\/td><td>\n  <strong>NT 52.76 (2004)<\/strong>\n  <\/td><\/tr><tr><td>\n  <strong>D\u00e9termination de la densit\u00e9 *<\/strong>\n  <\/td><td>\n  <strong>NT 41.12 (1984)<\/strong>\n  <\/td><\/tr><tr><td>\n  <strong>Acidit\u00e9 libre<\/strong>\n  <\/td><td>\n  <strong>M\u00e9thode de contr\u00f4le<\/strong>\n  <\/td><\/tr><tr><td>\n  <strong>Salinit\u00e9<\/strong>\n  <\/td><td>\n  <strong>Salinom\u00e8tre<\/strong>\n  <\/td><\/tr><tr><td>\n  <strong>Examen visuels du produit\/Etat du contenant<\/strong>\n  <\/td><td>\n  <strong>NT 52.76<\/strong>\n  <\/td><\/tr><tr><td>\n  <strong>Diam\u00e8tre<\/strong>\n  <\/td><td>\n  <strong>M\u00e9thode interne<\/strong>\n  <\/td><\/tr><tr><td>\n  <strong>Nombre de pi\u00e8ces Total\/ nombre de pi\u00e8ce \u00e9cras\u00e9<\/strong>\n  <\/td><td>\n  <strong>NT 52.03 (1983)<\/strong>\n  <\/td><\/tr><\/tbody><\/table><\/figure>\n\n\n\n<div class=\"wp-block-group\"><div class=\"wp-block-group__inner-container is-layout-flow wp-block-group-is-layout-flow\">\n<p>&#8212;&#8212;&#8212;&#8212;&#8212;&#8212;&#8212;&#8212;&#8212;&#8212;&#8212;&#8212;&#8212;&#8212;&#8212;&#8212;&#8212;&#8212;&#8212;&#8212;&#8212;&#8212;&#8212;&#8212;&#8212;&#8212;&#8212;&#8212;&#8212;&#8212;&#8212;&#8212;&#8212;&#8212;&#8212;&#8212;&#8212;&#8212;&#8212;&#8212;&#8212;&#8212;&#8212;&#8212;&#8212;&#8212;&#8212;&#8212;&#8212;&#8212;&#8212;&#8212;&#8212;&#8212;&#8212;&#8212;&#8212;&#8212;&#8212;&#8212;&#8212;&#8212;&#8212;&#8212;&#8212;&#8212;&#8212;&#8212;&#8212;&#8212;&#8212;&#8212;&#8212;&#8212;&#8212;&#8212;&#8212;-<\/p>\n<\/div><\/div>\n","protected":false},"excerpt":{"rendered":"<p>Analyses physico-chimiques<\/p>\n","protected":false},"author":1,"featured_media":310,"parent":0,"menu_order":0,"comment_status":"closed","ping_status":"closed","template":"","meta":{"footnotes":""},"class_list":["post-99","page","type-page","status-publish","has-post-thumbnail","hentry"],"_links":{"self":[{"href":"https:\/\/www.gica.tn\/fr\/index.php?rest_route=\/wp\/v2\/pages\/99"}],"collection":[{"href":"https:\/\/www.gica.tn\/fr\/index.php?rest_route=\/wp\/v2\/pages"}],"about":[{"href":"https:\/\/www.gica.tn\/fr\/index.php?rest_route=\/wp\/v2\/types\/page"}],"author":[{"embeddable":true,"href":"https:\/\/www.gica.tn\/fr\/index.php?rest_route=\/wp\/v2\/users\/1"}],"replies":[{"embeddable":true,"href":"https:\/\/www.gica.tn\/fr\/index.php?rest_route=%2Fwp%2Fv2%2Fcomments&post=99"}],"version-history":[{"count":10,"href":"https:\/\/www.gica.tn\/fr\/index.php?rest_route=\/wp\/v2\/pages\/99\/revisions"}],"predecessor-version":[{"id":829,"href":"https:\/\/www.gica.tn\/fr\/index.php?rest_route=\/wp\/v2\/pages\/99\/revisions\/829"}],"wp:featuredmedia":[{"embeddable":true,"href":"https:\/\/www.gica.tn\/fr\/index.php?rest_route=\/wp\/v2\/media\/310"}],"wp:attachment":[{"href":"https:\/\/www.gica.tn\/fr\/index.php?rest_route=%2Fwp%2Fv2%2Fmedia&parent=99"}],"curies":[{"name":"wp","href":"https:\/\/api.w.org\/{rel}","templated":true}]}}