{"id":95,"date":"2020-01-21T22:35:26","date_gmt":"2020-01-21T22:35:26","guid":{"rendered":"https:\/\/www.gica.tn\/fr\/?page_id=95"},"modified":"2021-05-19T12:51:05","modified_gmt":"2021-05-19T12:51:05","slug":"presentation-du-laboratoire","status":"publish","type":"page","link":"https:\/\/www.gica.tn\/fr\/?page_id=95","title":{"rendered":"Laboratoire du GICA"},"content":{"rendered":"\n<h2 class=\"wp-block-heading\">Pr\u00e9sentation<\/h2>\n\n\n\n<figure class=\"wp-block-image size-large\"><img loading=\"lazy\" decoding=\"async\" width=\"1024\" height=\"293\" src=\"https:\/\/www.gica.tn\/fr\/wp-content\/uploads\/2020\/02\/lab-bar-1024x293.jpg\" alt=\"\" class=\"wp-image-307\" srcset=\"https:\/\/www.gica.tn\/fr\/wp-content\/uploads\/2020\/02\/lab-bar-1024x293.jpg 1024w, https:\/\/www.gica.tn\/fr\/wp-content\/uploads\/2020\/02\/lab-bar-300x86.jpg 300w, https:\/\/www.gica.tn\/fr\/wp-content\/uploads\/2020\/02\/lab-bar-768x220.jpg 768w, https:\/\/www.gica.tn\/fr\/wp-content\/uploads\/2020\/02\/lab-bar-1536x440.jpg 1536w, https:\/\/www.gica.tn\/fr\/wp-content\/uploads\/2020\/02\/lab-bar-192x55.jpg 192w, https:\/\/www.gica.tn\/fr\/wp-content\/uploads\/2020\/02\/lab-bar-947x271.jpg 947w, https:\/\/www.gica.tn\/fr\/wp-content\/uploads\/2020\/02\/lab-bar-624x179.jpg 624w, https:\/\/www.gica.tn\/fr\/wp-content\/uploads\/2020\/02\/lab-bar-1320x378.jpg 1320w, https:\/\/www.gica.tn\/fr\/wp-content\/uploads\/2020\/02\/lab-bar.jpg 1597w\" sizes=\"(max-width: 1024px) 100vw, 1024px\" \/><\/figure>\n\n\n\n<p>Soucieux d&rsquo;assister ses adh\u00e9rents dans la\nma\u00eetrise de la qualit\u00e9 de leurs produits, le GICA s&rsquo;est dot\u00e9, depuis de longues\nann\u00e9es d\u00e9j\u00e0, d&rsquo;un laboratoire d&rsquo;analyses et d&rsquo;essais.<\/p>\n\n\n\n<p>Ce laboratoire a \u00e9t\u00e9 accr\u00e9dit\u00e9 en 1999 par\nle comit\u00e9 fran\u00e7ais d&rsquo;accr\u00e9ditation COFRAC suivant le r\u00e9f\u00e9rentiel EN 45001, puis\nen 2002, par la m\u00eame instance suivant le r\u00e9f\u00e9rentiel ISO\/CEI 17025.<\/p>\n\n\n\n<p>En ao\u00fbt 2001, le laboratoire du GICA\nobtenait aussi l&rsquo;accr\u00e9ditation du Comit\u00e9 Tunisien d&rsquo;Accr\u00e9ditation (TUNAC) sous\nle N\u00b01-0001, qui a \u00e9t\u00e9 renouvel\u00e9e en 2017 pour une dur\u00e9e de cinq ans.<\/p>\n\n\n\n<p>Les deux laboratoires du GICA  (essais physico-chimiques et essais microbiologiques) ont proc\u00e9d\u00e9 \u00e0 des \u00e9valuations de surveillance selon la  norme ISO\/CEI 17025, r\u00e9alis\u00e9es par le <a href=\"https:\/\/www.facebook.com\/page.tunactunisie\/?__cft__[0]=AZURZvOFA8wDs14RFw8X9q6yHd9GM36cnhqlzWbw69ZpJIjfnvMSEfsMjYPN4G4vq7cPc10wQzlAFxGo-8eARB1tjXx_Df2TljxJte9jhWHYEGHCkt34Sn6bEuZLF-jwW-Dbd6GZoqDCX1i7xL0wuAYozrw-CB0vPg2yR1jEiZ3CV_MsiaaSFeOaG3r58GI35G8&amp;__tn__=kK-R\">TUNAC<\/a> \u00e0 la date du 30 Octobre 2020, suite \u00e0 lesquelles le comit\u00e9 de d\u00e9cision d&rsquo;accr\u00e9ditation d&rsquo;analyses agro-alimentaires a d\u00e9cid\u00e9 le maintien de leur l&rsquo;accr\u00e9ditation  pour effectuer les analyses d\u00e9crites dans l&rsquo;annexe jointe (Photos ci-apr\u00e8s), et ce jusqu&rsquo;au 29 Janvier 2023. <\/p>\n\n\n\n<figure class=\"wp-block-image size-large\"><img loading=\"lazy\" decoding=\"async\" width=\"705\" height=\"457\" src=\"https:\/\/www.gica.tn\/fr\/wp-content\/uploads\/2021\/05\/essais-physico-chimiques-1-4.png\" alt=\"\" class=\"wp-image-847\" srcset=\"https:\/\/www.gica.tn\/fr\/wp-content\/uploads\/2021\/05\/essais-physico-chimiques-1-4.png 705w, https:\/\/www.gica.tn\/fr\/wp-content\/uploads\/2021\/05\/essais-physico-chimiques-1-4-300x194.png 300w, https:\/\/www.gica.tn\/fr\/wp-content\/uploads\/2021\/05\/essais-physico-chimiques-1-4-85x55.png 85w, https:\/\/www.gica.tn\/fr\/wp-content\/uploads\/2021\/05\/essais-physico-chimiques-1-4-624x404.png 624w\" sizes=\"(max-width: 705px) 100vw, 705px\" \/><\/figure>\n\n\n\n<figure class=\"wp-block-image size-large\"><img loading=\"lazy\" decoding=\"async\" width=\"657\" height=\"451\" src=\"https:\/\/www.gica.tn\/fr\/wp-content\/uploads\/2021\/05\/essais-physico-chimiques-2-4.png\" alt=\"\" class=\"wp-image-848\" srcset=\"https:\/\/www.gica.tn\/fr\/wp-content\/uploads\/2021\/05\/essais-physico-chimiques-2-4.png 657w, https:\/\/www.gica.tn\/fr\/wp-content\/uploads\/2021\/05\/essais-physico-chimiques-2-4-300x206.png 300w, https:\/\/www.gica.tn\/fr\/wp-content\/uploads\/2021\/05\/essais-physico-chimiques-2-4-80x55.png 80w, https:\/\/www.gica.tn\/fr\/wp-content\/uploads\/2021\/05\/essais-physico-chimiques-2-4-624x428.png 624w\" sizes=\"(max-width: 657px) 100vw, 657px\" \/><\/figure>\n\n\n\n<figure class=\"wp-block-image size-large\"><img loading=\"lazy\" decoding=\"async\" width=\"673\" height=\"409\" src=\"https:\/\/www.gica.tn\/fr\/wp-content\/uploads\/2021\/05\/3-3.png\" alt=\"\" class=\"wp-image-849\" srcset=\"https:\/\/www.gica.tn\/fr\/wp-content\/uploads\/2021\/05\/3-3.png 673w, https:\/\/www.gica.tn\/fr\/wp-content\/uploads\/2021\/05\/3-3-300x182.png 300w, https:\/\/www.gica.tn\/fr\/wp-content\/uploads\/2021\/05\/3-3-91x55.png 91w, https:\/\/www.gica.tn\/fr\/wp-content\/uploads\/2021\/05\/3-3-624x379.png 624w\" sizes=\"(max-width: 673px) 100vw, 673px\" \/><\/figure>\n\n\n\n<figure class=\"wp-block-image size-large\"><img loading=\"lazy\" decoding=\"async\" width=\"675\" height=\"323\" src=\"https:\/\/www.gica.tn\/fr\/wp-content\/uploads\/2021\/05\/4-3.png\" alt=\"\" class=\"wp-image-850\" srcset=\"https:\/\/www.gica.tn\/fr\/wp-content\/uploads\/2021\/05\/4-3.png 675w, https:\/\/www.gica.tn\/fr\/wp-content\/uploads\/2021\/05\/4-3-300x144.png 300w, https:\/\/www.gica.tn\/fr\/wp-content\/uploads\/2021\/05\/4-3-115x55.png 115w, https:\/\/www.gica.tn\/fr\/wp-content\/uploads\/2021\/05\/4-3-624x299.png 624w\" sizes=\"(max-width: 675px) 100vw, 675px\" \/><\/figure>\n\n\n\n<p>Cet important outil est mis \u00e0 la\ndisposition des adh\u00e9rents et des clients du GICA pour des analyses permettant\nla r\u00e9alisation d\u2019essais sur les produits tout au long de l\u2019ann\u00e9e et notamment\ndurant les campagnes de transformation. Ainsi, pr\u00e8s de 1000 \u00e9chantillons de\nconserves et semi-conserves alimentaires y sont analys\u00e9s chaque ann\u00e9e.<\/p>\n\n\n\n<p>Le Laboratoire d&rsquo;essais du GICA participe\n\u00e9galement \u00e0 la formation de jeunes \u00e9tudiants et des techniciens des industriels\npar l\u2019organisation de stages.<\/p>\n\n\n\n<p>Il assure \u00e9galement une veille normative\net participe \u00e0 la r\u00e9alisation d\u2019\u00e9tudes sp\u00e9cifiques sur la qualit\u00e9 des produits.<\/p>\n\n\n\n<p>Par ailleurs, le laboratoire du GICA\nparticipe aux essais d\u2019aptitudes et d\u2019inter comparaison \u00e0 l\u2019\u00e9chelle nationale\net internationale dans le cadre d\u2019un r\u00e9seau d\u2019essais inter laboratoires.<\/p>\n\n\n\n<p>Le laboratoire du GICA est dot\u00e9 d\u2019un\nservice de m\u00e9trologie ce qui lui permet d\u2019assurer la v\u00e9rification de ses\ninstruments par ses propres \u00e9talons. Dans ce cadre, le GICA veille \u00e0 ce que ses\n\u00e9talons soient v\u00e9rifi\u00e9s et raccord\u00e9s \u00e0 la cha\u00eene internationale d\u2019\u00e9talonnage.<\/p>\n\n\n\n<p>Le\nlaboratoire d\u2019essais du GICA offre aux entreprises du secteur des conserves et\nsemi-conserves alimentaires un \u00e9ventail d\u2019analyses : physico-chimiques, bact\u00e9riologique\net recherches d\u2019\u00e9l\u00e9ments traces.<\/p>\n","protected":false},"excerpt":{"rendered":"<p>Laboratoire<\/p>\n","protected":false},"author":1,"featured_media":307,"parent":0,"menu_order":0,"comment_status":"closed","ping_status":"closed","template":"","meta":{"footnotes":""},"class_list":["post-95","page","type-page","status-publish","has-post-thumbnail","hentry"],"_links":{"self":[{"href":"https:\/\/www.gica.tn\/fr\/index.php?rest_route=\/wp\/v2\/pages\/95"}],"collection":[{"href":"https:\/\/www.gica.tn\/fr\/index.php?rest_route=\/wp\/v2\/pages"}],"about":[{"href":"https:\/\/www.gica.tn\/fr\/index.php?rest_route=\/wp\/v2\/types\/page"}],"author":[{"embeddable":true,"href":"https:\/\/www.gica.tn\/fr\/index.php?rest_route=\/wp\/v2\/users\/1"}],"replies":[{"embeddable":true,"href":"https:\/\/www.gica.tn\/fr\/index.php?rest_route=%2Fwp%2Fv2%2Fcomments&post=95"}],"version-history":[{"count":6,"href":"https:\/\/www.gica.tn\/fr\/index.php?rest_route=\/wp\/v2\/pages\/95\/revisions"}],"predecessor-version":[{"id":851,"href":"https:\/\/www.gica.tn\/fr\/index.php?rest_route=\/wp\/v2\/pages\/95\/revisions\/851"}],"wp:featuredmedia":[{"embeddable":true,"href":"https:\/\/www.gica.tn\/fr\/index.php?rest_route=\/wp\/v2\/media\/307"}],"wp:attachment":[{"href":"https:\/\/www.gica.tn\/fr\/index.php?rest_route=%2Fwp%2Fv2%2Fmedia&parent=95"}],"curies":[{"name":"wp","href":"https:\/\/api.w.org\/{rel}","templated":true}]}}