{"id":8,"date":"2020-01-21T21:39:09","date_gmt":"2020-01-21T21:39:09","guid":{"rendered":"https:\/\/www.gica.tn\/fr\/?page_id=8"},"modified":"2020-08-12T12:25:39","modified_gmt":"2020-08-12T12:25:39","slug":"presentation-du-secteur-concentre-de-tomates","status":"publish","type":"page","link":"https:\/\/www.gica.tn\/fr\/?page_id=8","title":{"rendered":"Concentr\u00e9 de tomates"},"content":{"rendered":"\n<h2 class=\"wp-block-heading\">Pr\u00e9sentation du secteur<\/h2>\n\n\n\n<figure class=\"wp-block-image size-large is-resized\"><img loading=\"lazy\" decoding=\"async\" src=\"https:\/\/www.gica.tn\/fr\/wp-content\/uploads\/2020\/04\/e0.jpg\" alt=\"Tomate\" class=\"wp-image-554\" width=\"582\" height=\"259\" srcset=\"https:\/\/www.gica.tn\/fr\/wp-content\/uploads\/2020\/04\/e0.jpg 966w, https:\/\/www.gica.tn\/fr\/wp-content\/uploads\/2020\/04\/e0-300x134.jpg 300w, https:\/\/www.gica.tn\/fr\/wp-content\/uploads\/2020\/04\/e0-768x342.jpg 768w, https:\/\/www.gica.tn\/fr\/wp-content\/uploads\/2020\/04\/e0-124x55.jpg 124w, https:\/\/www.gica.tn\/fr\/wp-content\/uploads\/2020\/04\/e0-947x422.jpg 947w, https:\/\/www.gica.tn\/fr\/wp-content\/uploads\/2020\/04\/e0-624x278.jpg 624w\" sizes=\"(max-width: 582px) 100vw, 582px\" \/><\/figure>\n\n\n\n<h4 class=\"wp-block-heading\">Production mondiale de tomate destin\u00e9e \u00e0 la transformation\u00a0<\/h4>\n\n\n\n<p>La production mondiale de tomate\ndestin\u00e9e \u00e0 la transformation se concentre essentiellement sur trois grands\nbassins&nbsp;: <\/p>\n\n\n\n<ul class=\"wp-block-list\"><li>AMITOM&nbsp;: Bassin \u00ab m\u00e9diterran\u00e9en \u00bb, Italie, Portugal, Espagne, Gr\u00e8ce, Turquie, Tunisie, Iran, etc.<\/li><li>&nbsp;ALENA&nbsp;: Californie et autres \u00e9tats  US, Canada, Mexique&nbsp; <\/li><li>Chine et autres pays de l\u2019h\u00e9misph\u00e8re nord<\/li><\/ul>\n\n\n\n<p>Les plus grands pays\ntransformateurs de tomates sont les USA (Californie), la Chine et l\u2019Italie avec\n58 % des quantit\u00e9s globales et sont suivis par l\u2019Espagne, Turquie, Iran,\nPortugal, Br\u00e9sil, la Tunisie et quelques autres avec moins de 24 % du total. <\/p>\n\n\n\n<p>En termes de production, les\nquantit\u00e9s mondiales demeurent fluctuantes enregistrant des pics de\nsurproduction en 1991, 1996 et 2002. En 2019 la production \u00e9tait de l\u2019ordre de\n37&nbsp;400 mille tonnes. Les rendements agricoles moyens ont progress\u00e9\nd\u2019environ 60% en 20 ans allant de 52&nbsp;t\/ha en 1997 \u00e0 83 t\/ha en 2017.<\/p>\n\n\n\n<h4 class=\"wp-block-heading\"><strong>Importance de la culture de\ntomate destin\u00e9e \u00e0 la transformation en Tunisie<\/strong><\/h4>\n\n\n\n<p>En Tunisie, la culture de tomate destin\u00e9e \u00e0 la transformation compte plus de <strong>10&nbsp;000 producteur<\/strong>s cultivant une superficie d\u2019environ <strong>18&nbsp;000 ha<\/strong> (moyenne des dix derni\u00e8res ann\u00e9es). La production moyenne de tomate de saison est de l\u2019ordre d\u2019<strong>un million de tonnes<\/strong> (avec un record en 2015 avec plus de 1,2 million de tonnes). <\/p>\n\n\n\n<p>Les principales r\u00e9gions de\nproduction de tomate industrielle en Tunisie&nbsp;: <\/p>\n\n\n\n<ul class=\"wp-block-list\"><li>Le Cap Bon&nbsp;: r\u00e9gion situ\u00e9e au Nord-Est de la Tunisie&nbsp;: premi\u00e8re zone       de production avec 32% de la superficie totale en 2019.<\/li><li>La r\u00e9gion&nbsp;du centre de la Tunisie avec 14% de la superficie totale en 2019 <\/li><li>La r\u00e9gion du Nord-Ouest de la Tunisie avec 10% de la superficie totale en 2019.<\/li><\/ul>\n\n\n\n<h3 class=\"wp-block-heading\"><strong>Concentr\u00e9 de tomate <\/strong><\/h3>\n\n\n\n<p>En Tunisie, la transformation des\ntomates est une activit\u00e9 de longue date avec l\u2019implantation de la premi\u00e8re\nusine en 1903. Depuis, cette fili\u00e8re a connu une importante \u00e9volution\natteignant l\u2019implantation de 42 usines sur le territoire tunisien dans les\nann\u00e9es 90. <\/p>\n\n\n\n<p>La production de <strong>double concentr\u00e9 de tomate<\/strong> demeure l\u2019activit\u00e9 dominante dans la fili\u00e8re de transformation des tomates. Actuellement, cette activit\u00e9 est assur\u00e9e par 26 unit\u00e9s industrielles. Toujours en qu\u00eate d\u2019am\u00e9liorer la qualit\u00e9 de leurs produits, et dans le but de faire face aux mutations que connait le secteur, la plupart de ces usines ont investi dans la modernisation, l\u2019augmentation de la capacit\u00e9 de leur production de Double Concentr\u00e9 de Tomates (DCT) ainsi que dans l\u2019instauration des syst\u00e8mes de management de la qualit\u00e9. A titre d\u2019exemple, sept industriels ont mis en place des lignes de remplissage aseptique pour une capacit\u00e9 journali\u00e8re de l\u2019\u00e9quivalent de 5 mille tonnes de tomates fra\u00eeches. 65% des conserveries de tomate (17 unit\u00e9s) sont certifi\u00e9es ISO 9001 et\/ou ISO 22000.<\/p>\n\n\n\n<p>En termes de production, la Tunisie a trait\u00e9 en moyenne (au cours des dix derni\u00e8res ann\u00e9es) 750 000 tonnes de tomates fra\u00eeches par an et a produit en moyenne l\u2019\u00e9quivalent de 120 000 tonnes de double concentr\u00e9 de tomate \u00ab&nbsp;DCT&nbsp;\u00bb destin\u00e9s principalement \u00e0 satisfaire les besoins du march\u00e9 local qui consomme pr\u00e8s de <strong>100 000 tonnes\/an<\/strong>. La capacit\u00e9 journali\u00e8re de transformation est de l\u2019ordre de 35&nbsp;000 tonnes de tomates fra\u00eeches par jour. Avec une telle production la Tunisie fait partie des 10 premiers pays producteurs de DCT dans le monde et le bassin m\u00e9diterran\u00e9en et le premier pays du continent africain.&nbsp; <\/p>\n\n\n\n<p>Concernant l\u2019exportation, elle est essentiellement destin\u00e9e vers le\nmarch\u00e9 libyen et en moindre quantit\u00e9 vers d\u2019autres destinations europ\u00e9ennes et\nafricaines.<\/p>\n\n\n\n<p>Au cours des 10 derni\u00e8res ann\u00e9es, le volume moyen des exportations est de l\u2019ordre de <strong>13 000 tonnes de DCT\/an<\/strong>. <\/p>\n\n\n\n<p>En terme de consommation du DCT,\nla Tunisie occupe la premi\u00e8re place \u00e0 l\u2019\u00e9chelle mondiale avec une consommation\nmoyenne (En \u00e9quivalent de tomate fra\u00eeche) de l\u2019ordre de 55 kg\/an\/hab. la m\u00eame\nconsommation ne d\u00e9passe pas 35 kg aux USA et 24 kg en Italie.<\/p>\n\n\n\n<p>Le concentr\u00e9 de tomate est\nconditionn\u00e9 en boites m\u00e9talliques ou en sacs aseptiques.<\/p>\n\n\n\n<p>Le graphique suivant repr\u00e9sente les proportions moyennes de chaque type de conditionnement&nbsp;au cours des cinq derni\u00e8res campagnes&nbsp;(2014-2018)&nbsp;:<\/p>\n\n\n\n<figure class=\"wp-block-image size-large\"><img loading=\"lazy\" decoding=\"async\" width=\"599\" height=\"389\" src=\"https:\/\/www.gica.tn\/fr\/wp-content\/uploads\/2020\/03\/image.png\" alt=\"\" class=\"wp-image-516\" srcset=\"https:\/\/www.gica.tn\/fr\/wp-content\/uploads\/2020\/03\/image.png 599w, https:\/\/www.gica.tn\/fr\/wp-content\/uploads\/2020\/03\/image-300x195.png 300w, https:\/\/www.gica.tn\/fr\/wp-content\/uploads\/2020\/03\/image-85x55.png 85w, https:\/\/www.gica.tn\/fr\/wp-content\/uploads\/2020\/03\/image-84x56.png 84w\" sizes=\"(max-width: 599px) 100vw, 599px\" \/><\/figure>\n\n\n\n<hr class=\"wp-block-separator\"\/>\n\n\n\n<p><\/p>\n\n\n\n<p><\/p>\n","protected":false},"excerpt":{"rendered":"<p>En Tunisie, la culture de tomate destin\u00e9e \u00e0 la transformation compte plus de 10 000 producteurs cultivant une superficie d\u2019environ 18 000 ha (moyenne des dix derni\u00e8res ann\u00e9es). La production moyenne de tomate de saison est de l\u2019ordre d\u2019un million de tonnes (avec un record en 2015 avec plus de 1,2 million de tonnes). <\/p>\n","protected":false},"author":1,"featured_media":245,"parent":0,"menu_order":0,"comment_status":"closed","ping_status":"closed","template":"","meta":{"footnotes":""},"class_list":["post-8","page","type-page","status-publish","has-post-thumbnail","hentry"],"_links":{"self":[{"href":"https:\/\/www.gica.tn\/fr\/index.php?rest_route=\/wp\/v2\/pages\/8"}],"collection":[{"href":"https:\/\/www.gica.tn\/fr\/index.php?rest_route=\/wp\/v2\/pages"}],"about":[{"href":"https:\/\/www.gica.tn\/fr\/index.php?rest_route=\/wp\/v2\/types\/page"}],"author":[{"embeddable":true,"href":"https:\/\/www.gica.tn\/fr\/index.php?rest_route=\/wp\/v2\/users\/1"}],"replies":[{"embeddable":true,"href":"https:\/\/www.gica.tn\/fr\/index.php?rest_route=%2Fwp%2Fv2%2Fcomments&post=8"}],"version-history":[{"count":11,"href":"https:\/\/www.gica.tn\/fr\/index.php?rest_route=\/wp\/v2\/pages\/8\/revisions"}],"predecessor-version":[{"id":653,"href":"https:\/\/www.gica.tn\/fr\/index.php?rest_route=\/wp\/v2\/pages\/8\/revisions\/653"}],"wp:featuredmedia":[{"embeddable":true,"href":"https:\/\/www.gica.tn\/fr\/index.php?rest_route=\/wp\/v2\/media\/245"}],"wp:attachment":[{"href":"https:\/\/www.gica.tn\/fr\/index.php?rest_route=%2Fwp%2Fv2%2Fmedia&parent=8"}],"curies":[{"name":"wp","href":"https:\/\/api.w.org\/{rel}","templated":true}]}}