{"id":585,"date":"2020-05-28T05:58:51","date_gmt":"2020-05-28T05:58:51","guid":{"rendered":"https:\/\/www.gica.tn\/fr\/?page_id=585"},"modified":"2021-05-25T13:31:20","modified_gmt":"2021-05-25T13:31:20","slug":"harissa-food-quality-label","status":"publish","type":"page","link":"https:\/\/www.gica.tn\/fr\/?page_id=585","title":{"rendered":"Harissa Food Quality Label"},"content":{"rendered":"\n<p>Le \u00abFood Quality Label\u00bb pour la harissa&nbsp; a \u00e9t\u00e9 lanc\u00e9&nbsp;\nen 2014 pour prot\u00e9ger la harissa tunisienne de qualit\u00e9 sup\u00e9rieure en\ntant que produit de terroir, des imitations sur les march\u00e9s internationaux et\npour r\u00e9pondre aux exigences d\u2019un nombre croissant de clients tunisiens et\n\u00e9trangers qui demandent plus de garanties sur l\u2019authenticit\u00e9 et l\u2019origine du\nproduit. Le GICA est l\u2019organisme charg\u00e9 de la gestion du Food Quality Label\npour le conserve de la Harissa. <\/p>\n\n\n\n<p>Un cahier des charges relatif \u00e0 l\u2019obtention du label qualit\u00e9\ntunisien de la production de la conserve de la harissa de qualit\u00e9 sup\u00e9rieure a\n\u00e9t\u00e9 \u00e9labor\u00e9e fixant des exigences strictes de production que chaque producteur\ndoit s\u2019y conformer. <\/p>\n\n\n\n<p>Le logo appos\u00e9 sur les emballages de harissa tunisienne certifi\u00e9e\nest une garantie d\u2019une recette traditionnelle authentique ainsi que la qualit\u00e9\net la fra\u00eecheur de ses ingr\u00e9dients soigneusement s\u00e9lectionn\u00e9s.<\/p>\n\n\n\n<p>Les fabricants de la harissa certifi\u00e9e Food Quality Label sont\nsoumis \u00e0 des contr\u00f4les internes et externes afin d&rsquo;assurer la qualit\u00e9 constante\ndu produit et garantir le respect rigoureux du cahier des charges.<\/p>\n\n\n\n<p><strong>Entreprises labellis\u00e9es <\/strong><\/p>\n\n\n\n<p>En 2020, six entreprises de Harissa ont \u00e9t\u00e9 certifi\u00e9es  \u00ab\u00a0Food Quality Label\u00a0\u00bb:<\/p>\n\n\n\n<div class=\"wp-block-image\"><figure class=\"aligncenter size-large is-resized\"><img loading=\"lazy\" decoding=\"async\" src=\"https:\/\/www.gica.tn\/fr\/wp-content\/uploads\/2021\/05\/Image6.jpg\" alt=\"\" class=\"wp-image-861\" width=\"195\" height=\"115\" srcset=\"https:\/\/www.gica.tn\/fr\/wp-content\/uploads\/2021\/05\/Image6.jpg 544w, https:\/\/www.gica.tn\/fr\/wp-content\/uploads\/2021\/05\/Image6-300x176.jpg 300w, https:\/\/www.gica.tn\/fr\/wp-content\/uploads\/2021\/05\/Image6-94x55.jpg 94w\" sizes=\"(max-width: 195px) 100vw, 195px\" \/><\/figure><\/div>\n\n\n\n<p class=\"has-text-align-center\"><strong><em>  Soci\u00e9t\u00e9 des Conserves Modernes du Cap Bon <\/em><\/strong><\/p>\n\n\n\n<div class=\"wp-block-image\"><figure class=\"aligncenter size-large is-resized\"><img loading=\"lazy\" decoding=\"async\" src=\"https:\/\/www.gica.tn\/fr\/wp-content\/uploads\/2021\/05\/Image3.gif\" alt=\"\" class=\"wp-image-862\" width=\"152\" height=\"96\"\/><figcaption>   <\/figcaption><\/figure><\/div>\n\n\n\n<p class=\"has-text-align-center\"><strong><em> La G\u00e9n\u00e9rale des Conserves Alimentaires <\/em><\/strong><\/p>\n\n\n\n<div class=\"wp-block-image\"><figure class=\"aligncenter size-large is-resized\"><img loading=\"lazy\" decoding=\"async\" src=\"https:\/\/www.gica.tn\/fr\/wp-content\/uploads\/2021\/05\/Image1.png\" alt=\"\" class=\"wp-image-864\" width=\"144\" height=\"100\" srcset=\"https:\/\/www.gica.tn\/fr\/wp-content\/uploads\/2021\/05\/Image1.png 133w, https:\/\/www.gica.tn\/fr\/wp-content\/uploads\/2021\/05\/Image1-80x55.png 80w\" sizes=\"(max-width: 144px) 100vw, 144px\" \/><figcaption>  <\/figcaption><\/figure><\/div>\n\n\n\n<p class=\"has-text-align-center\"><strong><em> Soci\u00e9t\u00e9 Tunisienne Industrielle du Cap Bon <\/em><\/strong><\/p>\n\n\n\n<div class=\"wp-block-image\"><figure class=\"aligncenter size-large is-resized\"><img loading=\"lazy\" decoding=\"async\" src=\"https:\/\/www.gica.tn\/fr\/wp-content\/uploads\/2021\/05\/logo-carthage-food-rouge-copy.jpg\" alt=\"\" class=\"wp-image-865\" width=\"165\" height=\"70\" srcset=\"https:\/\/www.gica.tn\/fr\/wp-content\/uploads\/2021\/05\/logo-carthage-food-rouge-copy.jpg 224w, https:\/\/www.gica.tn\/fr\/wp-content\/uploads\/2021\/05\/logo-carthage-food-rouge-copy-128x55.jpg 128w\" sizes=\"(max-width: 165px) 100vw, 165px\" \/><\/figure><\/div>\n\n\n\n<p class=\"has-text-align-center\"><strong><em> Soci\u00e9t\u00e9 Carthage Food <\/em><\/strong><\/p>\n\n\n\n<div class=\"wp-block-image\"><figure class=\"aligncenter size-large is-resized\"><img loading=\"lazy\" decoding=\"async\" src=\"https:\/\/www.gica.tn\/fr\/wp-content\/uploads\/2021\/05\/pacna.png\" alt=\"\" class=\"wp-image-866\" width=\"135\" height=\"102\" srcset=\"https:\/\/www.gica.tn\/fr\/wp-content\/uploads\/2021\/05\/pacna.png 223w, https:\/\/www.gica.tn\/fr\/wp-content\/uploads\/2021\/05\/pacna-73x55.png 73w\" sizes=\"(max-width: 135px) 100vw, 135px\" \/><\/figure><\/div>\n\n\n\n<p class=\"has-text-align-center\"><strong><em> Soci\u00e9t\u00e9 Daoued des Conserves Alimentaires (SODACO) <\/em><\/strong><\/p>\n\n\n\n<hr class=\"wp-block-separator\"\/>\n\n\n\n<div class=\"wp-block-image\"><figure class=\"aligncenter size-large is-resized\"><img loading=\"lazy\" decoding=\"async\" src=\"https:\/\/www.gica.tn\/fr\/wp-content\/uploads\/2021\/05\/SCAP-CB-LOGO.png\" alt=\"\" class=\"wp-image-859\" width=\"137\" height=\"137\" srcset=\"https:\/\/www.gica.tn\/fr\/wp-content\/uploads\/2021\/05\/SCAP-CB-LOGO.png 307w, https:\/\/www.gica.tn\/fr\/wp-content\/uploads\/2021\/05\/SCAP-CB-LOGO-300x298.png 300w, https:\/\/www.gica.tn\/fr\/wp-content\/uploads\/2021\/05\/SCAP-CB-LOGO-150x150.png 150w, https:\/\/www.gica.tn\/fr\/wp-content\/uploads\/2021\/05\/SCAP-CB-LOGO-55x55.png 55w\" sizes=\"(max-width: 137px) 100vw, 137px\" \/><\/figure><\/div>\n\n\n\n<p class=\"has-text-align-center\"><strong><em> Le phare du Cap Bon <\/em><\/strong><\/p>\n","protected":false},"excerpt":{"rendered":"<p>Le \u00abFood Quality Label\u00bb pour la harissa&nbsp; a \u00e9t\u00e9 lanc\u00e9&nbsp; en 2014 pour prot\u00e9ger la harissa tunisienne de qualit\u00e9 sup\u00e9rieure en tant que produit de terroir, des imitations sur les [&hellip;]<\/p>\n","protected":false},"author":1,"featured_media":0,"parent":0,"menu_order":0,"comment_status":"closed","ping_status":"closed","template":"","meta":{"footnotes":""},"class_list":["post-585","page","type-page","status-publish","hentry"],"_links":{"self":[{"href":"https:\/\/www.gica.tn\/fr\/index.php?rest_route=\/wp\/v2\/pages\/585"}],"collection":[{"href":"https:\/\/www.gica.tn\/fr\/index.php?rest_route=\/wp\/v2\/pages"}],"about":[{"href":"https:\/\/www.gica.tn\/fr\/index.php?rest_route=\/wp\/v2\/types\/page"}],"author":[{"embeddable":true,"href":"https:\/\/www.gica.tn\/fr\/index.php?rest_route=\/wp\/v2\/users\/1"}],"replies":[{"embeddable":true,"href":"https:\/\/www.gica.tn\/fr\/index.php?rest_route=%2Fwp%2Fv2%2Fcomments&post=585"}],"version-history":[{"count":3,"href":"https:\/\/www.gica.tn\/fr\/index.php?rest_route=\/wp\/v2\/pages\/585\/revisions"}],"predecessor-version":[{"id":868,"href":"https:\/\/www.gica.tn\/fr\/index.php?rest_route=\/wp\/v2\/pages\/585\/revisions\/868"}],"wp:attachment":[{"href":"https:\/\/www.gica.tn\/fr\/index.php?rest_route=%2Fwp%2Fv2%2Fmedia&parent=585"}],"curies":[{"name":"wp","href":"https:\/\/api.w.org\/{rel}","templated":true}]}}