{"id":573,"date":"2020-05-28T05:38:48","date_gmt":"2020-05-28T05:38:48","guid":{"rendered":"https:\/\/www.gica.tn\/fr\/?page_id=573"},"modified":"2020-08-12T11:11:58","modified_gmt":"2020-08-12T11:11:58","slug":"presentation","status":"publish","type":"page","link":"https:\/\/www.gica.tn\/fr\/?page_id=573","title":{"rendered":"Food Quality Label Tunisia"},"content":{"rendered":"\n<h2 class=\"wp-block-heading\">Pr\u00e9sentation <\/h2>\n\n\n\n<p> Le \u00ab\u00a0Food Quality Label Tunisia\u00a0\u00bb est un signe de qualit\u00e9 qui a \u00e9t\u00e9 cr\u00e9\u00e9 en 2010 dans le cadre de mise en \u0153uvre de la strat\u00e9gie nationale industrielle \u00e0 l\u2019initiative de la Direction G\u00e9n\u00e9rale des Industries Agro-alimentaires relevant du Minist\u00e8re de l\u2019Industrie. Il est accord\u00e9 aux denr\u00e9es alimentaires transform\u00e9es justifiant une <strong>qualit\u00e9 sup\u00e9rieure, sp\u00e9cifique ou traditionnelle<\/strong>. <a href=\"file:\/\/\/C:\/Users\/user\/Documents\/GICA\/PAMPAT%201\/Food%20Quality%20Label\/decret%202525%20.pdf\">(D\u00e9cret 25 \u2013 25<\/a>).<\/p>\n\n\n\n<p>On entend par :<\/p>\n\n\n\n<p> <strong style=\"user-select: auto;\">-Produit de qualit\u00e9 sup\u00e9rieure<\/strong> : tout produit poss\u00e9dant des caract\u00e9ristiques \u00e9tablissant un niveau de qualit\u00e9 sup\u00e9rieure r\u00e9sultant notamment de ses conditions particuli\u00e8res de production ou de fabrication qui le distingue des produits standards similaires habituellement commercialis\u00e9s conform\u00e9ment aux usages et \u00e0 la r\u00e9glementation en vigueur,<br> <strong>-Produit de qualit\u00e9 sp\u00e9cifique<\/strong> : tout produit poss\u00e9dant une caract\u00e9ristique ou un ensemble de caract\u00e9ristiques sp\u00e9cifiques qui le distingue nettement des autres produits ou denr\u00e9es similaires de la m\u00eame cat\u00e9gorie.<strong><br><\/strong> <strong>-Produit de qualit\u00e9 traditionnelle<\/strong> : tout produit de qualit\u00e9 sup\u00e9rieure ou sp\u00e9cifique commercialis\u00e9 sur le march\u00e9 local et\/ou ext\u00e9rieur pendant une p\u00e9riode faisant appara\u00eetre une transmission prouv\u00e9e entre g\u00e9n\u00e9rations. Cette P\u00e9riode ne doit pas \u00eatre inf\u00e9rieure au moins \u00e0 vingt-cinq ans.<\/p>\n\n\n\n<p>Le \u00ab\u00a0Food Quality Label Tunisia\u00a0\u00bb est reconnu par son logo qui est une garantie de la haute qualit\u00e9 des produits. Le logo est inspir\u00e9 d\u2019une pi\u00e8ce de monnaie ancienne, repr\u00e9sentant un soleil souriant et vous invite \u00e0 d\u00e9couvrir les bonnes habitudes culinaires tunisiennes.<\/p>\n\n\n\n<p>Le logo du \u00ab\u00a0Food Quality Label Tunisia\u00a0\u00bb est enregistr\u00e9 dans le registre national des marques conform\u00e9ment \u00e0 la loi susvis\u00e9e n\u00b0 2001-36 du 17 avril 2001 relative \u00e0 la protection des marques de fabrique, de commerce et de services.<\/p>\n\n\n\n<div class=\"wp-block-image\"><figure class=\"aligncenter size-large\"><img loading=\"lazy\" decoding=\"async\" width=\"277\" height=\"268\" src=\"https:\/\/www.gica.tn\/fr\/wp-content\/uploads\/2020\/05\/logo_harrisa.png\" alt=\"\" class=\"wp-image-582\" srcset=\"https:\/\/www.gica.tn\/fr\/wp-content\/uploads\/2020\/05\/logo_harrisa.png 277w, https:\/\/www.gica.tn\/fr\/wp-content\/uploads\/2020\/05\/logo_harrisa-57x55.png 57w\" sizes=\"(max-width: 277px) 100vw, 277px\" \/><\/figure><\/div>\n\n\n\n<hr class=\"wp-block-separator\"\/>\n\n\n\n<p><\/p>\n\n\n\n<p><\/p>\n","protected":false},"excerpt":{"rendered":"<p>Pr\u00e9sentation Le \u00ab\u00a0Food Quality Label Tunisia\u00a0\u00bb est un signe de qualit\u00e9 qui a \u00e9t\u00e9 cr\u00e9\u00e9 en 2010 dans le cadre de mise en \u0153uvre de la strat\u00e9gie nationale industrielle \u00e0 [&hellip;]<\/p>\n","protected":false},"author":1,"featured_media":0,"parent":0,"menu_order":0,"comment_status":"closed","ping_status":"closed","template":"","meta":{"footnotes":""},"class_list":["post-573","page","type-page","status-publish","hentry"],"_links":{"self":[{"href":"https:\/\/www.gica.tn\/fr\/index.php?rest_route=\/wp\/v2\/pages\/573"}],"collection":[{"href":"https:\/\/www.gica.tn\/fr\/index.php?rest_route=\/wp\/v2\/pages"}],"about":[{"href":"https:\/\/www.gica.tn\/fr\/index.php?rest_route=\/wp\/v2\/types\/page"}],"author":[{"embeddable":true,"href":"https:\/\/www.gica.tn\/fr\/index.php?rest_route=\/wp\/v2\/users\/1"}],"replies":[{"embeddable":true,"href":"https:\/\/www.gica.tn\/fr\/index.php?rest_route=%2Fwp%2Fv2%2Fcomments&post=573"}],"version-history":[{"count":8,"href":"https:\/\/www.gica.tn\/fr\/index.php?rest_route=\/wp\/v2\/pages\/573\/revisions"}],"predecessor-version":[{"id":645,"href":"https:\/\/www.gica.tn\/fr\/index.php?rest_route=\/wp\/v2\/pages\/573\/revisions\/645"}],"wp:attachment":[{"href":"https:\/\/www.gica.tn\/fr\/index.php?rest_route=%2Fwp%2Fv2%2Fmedia&parent=573"}],"curies":[{"name":"wp","href":"https:\/\/api.w.org\/{rel}","templated":true}]}}