{"id":531,"date":"2020-03-02T23:11:21","date_gmt":"2020-03-02T23:11:21","guid":{"rendered":"https:\/\/www.gica.tn\/fr\/?page_id=531"},"modified":"2020-03-02T23:11:23","modified_gmt":"2020-03-02T23:11:23","slug":"liens-utiles","status":"publish","type":"page","link":"https:\/\/www.gica.tn\/fr\/?page_id=531","title":{"rendered":"Liens utiles"},"content":{"rendered":"\n<p><strong>Minist\u00e8re de l&rsquo;Industrie<\/strong><br>Adresse : Mont-Plaisir&nbsp; &#8211; Tunis<br>Tel.: (216.71) 791 132, (216.71) 842 343, (216.71) 894 216<br>Fax: (216.71) 782 742<br>Site web :&nbsp;<a href=\"http:\/\/www.industrie.gov.tn\/\">http:\/\/www.industrie.gov.tn<\/a><\/p>\n\n\n\n<p><strong>Bureau de Mise \u00e0 Niveau (BMN)<\/strong><br>Adresse: Immeuble Panorama, Montplaisir 1002 Tunis&nbsp;<br>T\u00e9l. : (216) 71 797 175 \/ 71 798 938 \/ 71 950 795 \/ 71 950 796 704 307&nbsp;<br>Fax : (216) 71 796 102&nbsp;<br>E-Mail :&nbsp;<a href=\"mailto:bmn@industrie.gov.tn\">bmn@industrie.gov.tn<\/a><br>Site web :&nbsp;<a href=\"http:\/\/www.pmn.nat.tn\/\">www.pmn.nat.tn<\/a><\/p>\n\n\n\n<p><strong>Agence de Promotion de l&rsquo;industrie et de l&rsquo;innovation<\/strong><br>Adresse: 63, rue de Syrie, 1002 Tunis Belved\u00e8re<br>T\u00e9l. : (216) 71 792 144<br>Fax : (216) 71 782 482<br>E-Mail :&nbsp;<strong><a href=\"mailto:api@api.com.tn\">api@api.com.tn<\/a><\/strong><br>Site web :&nbsp;<a href=\"http:\/\/www.tunisieindustrie.nat.tn\/fr\/home.asp\">www.tunisieindustrie.nat.tn<\/a><\/p>\n\n\n\n<p><strong>Centre Technique de l&rsquo;Agro-Alimentaire (CTAA)<\/strong><\/p>\n\n\n\n<p>Adresse: 12 rue de l&rsquo;usine 2035 &#8211; Charguia 2 \u2013 Tunis Carthage<br>T\u00e9l: (216) &#8211; 71 940 198 &#8211; 71 940 081 &#8211; 71 941 015<br>Fax: (216) &#8211; 71 941 080<br>E-mail:&nbsp;<a href=\"mailto:ctaa@email.ati.tn\">ctaa@email.ati.tn<\/a>&nbsp;Site web:&nbsp;<a href=\"http:\/\/www.ctaa.com.tn\/\">http:\/\/www.ctaa.com.tn<\/a>&nbsp;<\/p>\n\n\n\n<p><strong>Centre Technique de l\u2019Emballage et du Conditionnement (PACKTEC)<\/strong><br>Adresse: Cit\u00e9 El Khadra, 1003 Tunis-El Khadra<br>T\u00e9l: (216) &#8211; 71 772 755<br>Fax: (216) &#8211; 71&nbsp;773 300<br>E-mail:&nbsp;<a href=\"mailto:packtec@email.ati.tn\">packtec@email.ati.tn<\/a><br>Site web:&nbsp;<a href=\"http:\/\/www.packtec-tunisia.com\/\">http:\/\/www.packtec-tunisia.com<\/a><\/p>\n\n\n\n<p><strong>Banque Centrale de Tunisie<\/strong><br>Adresse: 25, Rue H\u00e9di Nouira-BP 777 \u2013 1080 Tunis \u2013 Cedex<br>T\u00e9l: (216) &#8211; 71 254 000<br>Fax: (216) &#8211; 71 354&nbsp;214<br>E-mai l:<a href=\"mailto:dge@bct.gov.tn\">dge@bct.gov.tn<\/a><br>Site web :&nbsp;<a href=\"http:\/\/www.bct.gov.tn\/\" target=\"_blank\" rel=\"noreferrer noopener\">www.bct.gov.tn<\/a><\/p>\n\n\n\n<p><strong>Institut National de la Normalisation et de la Propri\u00e9t\u00e9 Industrielle (INNORPI)<\/strong><br>Adresse&nbsp;: Rue 8451 n\u00b0 8 par la rue Alain Savary, BP 57 \u2013 Cit\u00e9 El Khadra \u2013 1003 Tunis<br>T\u00e9l. : (216) 71 806&nbsp;758<br>Fax : (216) 71 807 071<br>E-mail :&nbsp;<a href=\"mailto:innorpi@planet.tn\">innorpi@planet.tn<\/a><br>Site web&nbsp;:&nbsp;<a href=\"http:\/\/www.inorpi.ind.tn\/\">http:\/\/www.inorpi.ind.tn<\/a><\/p>\n\n\n\n<p><strong>Chambre de Commerce et d&rsquo;Industrie de Tunis (CCI de Tunis)<\/strong><br>Adresse: 31, Av de Paris &#8211; 1000 Tunis &#8211; Tunisie<br>T\u00e9l.: (216) 71 247 322 &gt;<br>Fax: (216) 71 354 744 &#8211; (216) 71 332 968 &#8211; (216) 71 247&nbsp;288<br>E-mail :&nbsp;<a href=\"mailto:ccitunis@planet.tn\">ccitunis@planet.tn<\/a><br>Site web :&nbsp;<a href=\"http:\/\/www.ccitunis.org.tn\/\">www.ccitunis.org.tn<\/a><\/p>\n\n\n\n<p><strong>Centre de Promotion des Exportations (CEPEX)<\/strong><br>Adresse : Centre Urbain Nord _ 1080 Tunis<br>T\u00e9l. : (216) 71 23 42 00 \/ 71 23 52 18 \/ 71 23 40 15<br>Fax : (216) 71 23 73 25 \/ 71 23 71 14<br>E-mail :&nbsp;<a href=\"mailto:info@cepex.nat.tn\">info@cepex.nat.tn<\/a><br>Site web :&nbsp;<a href=\"http:\/\/www.cepex.nat.tn\/\">www.cepex.nat.tn<\/a><\/p>\n\n\n\n<p><strong>Laboratoire Central d\u2019Analyses et d\u2019Essais (L.C.A.E)<\/strong><br>Adresse&nbsp;: 1, Avenue Mohamed El Melki 1005 Omrane (Tunis)<br>T\u00e9l. : (216) &#8211; 71 796 633 \/ 849 912<br>Fax : (216) &#8211; 71 783 216 &gt;<br>E-mail :&nbsp;<a href=\"mailto:direction.lcae@email.ati.tn\">direction.lcae@email.ati.tn<\/a><\/p>\n\n\n\n<p><strong>Agence de Promotion de l&rsquo;Investissement Ext\u00e9rieur (FIPA)<\/strong><br>Adresse\u00a0:\u00a0 Centre urbain nord 1082 Cit\u00e9 Mahraj\u00e8ne (Tunis)<br>T\u00e9l. : (216) &#8211; 71 703 140<br>Fax : (216) &#8211; 71 702 600<br>E-mail :\u00a0<a href=\"mailto:fipa.tunisia@mci.gov.tn\">fipa.tunisia@mci.gov.tn<\/a><br>Site web :\u00a0<a href=\"http:\/\/www.investintunisia.com\/\">www.investintunisia.com<\/a><\/p>\n\n\n\n<p><\/p>\n\n\n\n<p><\/p>\n","protected":false},"excerpt":{"rendered":"<p>Minist\u00e8re de l&rsquo;IndustrieAdresse : Mont-Plaisir&nbsp; &#8211; TunisTel.: (216.71) 791 132, (216.71) 842 343, (216.71) 894 216Fax: (216.71) 782 742Site web :&nbsp;http:\/\/www.industrie.gov.tn Bureau de Mise \u00e0 Niveau (BMN)Adresse: Immeuble Panorama, Montplaisir [&hellip;]<\/p>\n","protected":false},"author":1,"featured_media":0,"parent":0,"menu_order":0,"comment_status":"closed","ping_status":"closed","template":"","meta":{"footnotes":""},"class_list":["post-531","page","type-page","status-publish","hentry"],"_links":{"self":[{"href":"https:\/\/www.gica.tn\/fr\/index.php?rest_route=\/wp\/v2\/pages\/531"}],"collection":[{"href":"https:\/\/www.gica.tn\/fr\/index.php?rest_route=\/wp\/v2\/pages"}],"about":[{"href":"https:\/\/www.gica.tn\/fr\/index.php?rest_route=\/wp\/v2\/types\/page"}],"author":[{"embeddable":true,"href":"https:\/\/www.gica.tn\/fr\/index.php?rest_route=\/wp\/v2\/users\/1"}],"replies":[{"embeddable":true,"href":"https:\/\/www.gica.tn\/fr\/index.php?rest_route=%2Fwp%2Fv2%2Fcomments&post=531"}],"version-history":[{"count":1,"href":"https:\/\/www.gica.tn\/fr\/index.php?rest_route=\/wp\/v2\/pages\/531\/revisions"}],"predecessor-version":[{"id":532,"href":"https:\/\/www.gica.tn\/fr\/index.php?rest_route=\/wp\/v2\/pages\/531\/revisions\/532"}],"wp:attachment":[{"href":"https:\/\/www.gica.tn\/fr\/index.php?rest_route=%2Fwp%2Fv2%2Fmedia&parent=531"}],"curies":[{"name":"wp","href":"https:\/\/api.w.org\/{rel}","templated":true}]}}