{"id":512,"date":"2020-03-02T22:14:22","date_gmt":"2020-03-02T22:14:22","guid":{"rendered":"https:\/\/www.gica.tn\/fr\/?page_id=512"},"modified":"2020-07-22T14:09:04","modified_gmt":"2020-07-22T14:09:04","slug":"secteur-agro-alimentaire","status":"publish","type":"page","link":"https:\/\/www.gica.tn\/fr\/?page_id=512","title":{"rendered":"Secteur Agro-alimentaire"},"content":{"rendered":"\n<p><strong>Les r\u00e9alisations du GICA dans le cadre de la recherche, d\u00e9veloppement et innovation se traduisent sous diff\u00e9rentes formes&nbsp;:<\/strong><\/p>\n\n\n\n<p><\/p>\n\n\n\n<ul class=\"wp-block-list\"><li> Inciter et appuyer les conserveries tunisiennes \u00e0 adh\u00e9rer aux programmes nationaux de Recherche et d\u2019Innovation PNRI&nbsp;;PIRD, ITP\u2026<\/li><li> Anticiper et participer aux \u00e9volutions technologiques int\u00e9ressant la profession, en menant des programmes de&nbsp;recherche collective&nbsp;choisis par les professionnels, et soutenus par les Pouvoirs publics.<\/li><li>Participer \u00e0 l&rsquo;innovation&nbsp;en g\u00e9n\u00e9ral et plus particuli\u00e8rement \u00e0 son transfert aux industriels (visite des foires et manifestations technologiques nationales et internationales\u2026.).<\/li><li> Assurer la diffusion des connaissances acquises par les programmes et les partenariats scientifiques, via des s\u00e9minaires,des publications ou de la formation aupr\u00e8s de ces adh\u00e9rents.<\/li><\/ul>\n\n\n\n<p><br>Le GICA accueille aussi chaque ann\u00e9e des \u00e9tudiants dans le cadre de la<br>r\u00e9alisation des projets de fin d\u2019\u00e9tude et assure ainsi des co-encadrements avec les diff\u00e9rents \u00e9tablissements de l\u2019enseignement sup\u00e9rieur.<br>Pour mener \u00e0 bien toutes ces missions, le GICA \u00e9tablit des collaborations avec les acteurs de la recherche et du d\u00e9veloppement agroalimentaire : instituts de recherche, centres de transfert,technopoles, p\u00f4les de comp\u00e9titivit\u00e9\u2026<\/p>\n\n\n\n<hr class=\"wp-block-separator\"\/>\n","protected":false},"excerpt":{"rendered":"<p>Les r\u00e9alisations du GICA dans le cadre de la recherche, d\u00e9veloppement et innovation se traduisent sous diff\u00e9rentes formes&nbsp;: Inciter et appuyer les conserveries tunisiennes \u00e0 adh\u00e9rer aux programmes nationaux de [&hellip;]<\/p>\n","protected":false},"author":1,"featured_media":0,"parent":0,"menu_order":0,"comment_status":"closed","ping_status":"closed","template":"","meta":{"footnotes":""},"class_list":["post-512","page","type-page","status-publish","hentry"],"_links":{"self":[{"href":"https:\/\/www.gica.tn\/fr\/index.php?rest_route=\/wp\/v2\/pages\/512"}],"collection":[{"href":"https:\/\/www.gica.tn\/fr\/index.php?rest_route=\/wp\/v2\/pages"}],"about":[{"href":"https:\/\/www.gica.tn\/fr\/index.php?rest_route=\/wp\/v2\/types\/page"}],"author":[{"embeddable":true,"href":"https:\/\/www.gica.tn\/fr\/index.php?rest_route=\/wp\/v2\/users\/1"}],"replies":[{"embeddable":true,"href":"https:\/\/www.gica.tn\/fr\/index.php?rest_route=%2Fwp%2Fv2%2Fcomments&post=512"}],"version-history":[{"count":3,"href":"https:\/\/www.gica.tn\/fr\/index.php?rest_route=\/wp\/v2\/pages\/512\/revisions"}],"predecessor-version":[{"id":626,"href":"https:\/\/www.gica.tn\/fr\/index.php?rest_route=\/wp\/v2\/pages\/512\/revisions\/626"}],"wp:attachment":[{"href":"https:\/\/www.gica.tn\/fr\/index.php?rest_route=%2Fwp%2Fv2%2Fmedia&parent=512"}],"curies":[{"name":"wp","href":"https:\/\/api.w.org\/{rel}","templated":true}]}}