{"id":16,"date":"2020-01-21T21:47:33","date_gmt":"2020-01-21T21:47:33","guid":{"rendered":"https:\/\/www.gica.tn\/fr\/?page_id=16"},"modified":"2020-08-12T13:04:47","modified_gmt":"2020-08-12T13:04:47","slug":"presentation-du-secteur-conserve-de-thon","status":"publish","type":"page","link":"https:\/\/www.gica.tn\/fr\/?page_id=16","title":{"rendered":"Conserves de Thon"},"content":{"rendered":"\n<h2 class=\"wp-block-heading\">Pr\u00e9sentation du secteur<\/h2>\n\n\n\n<figure class=\"wp-block-image size-large\"><img loading=\"lazy\" decoding=\"async\" width=\"1024\" height=\"439\" src=\"https:\/\/www.gica.tn\/fr\/wp-content\/uploads\/2020\/02\/conserve-de-thon-1024x439.jpg\" alt=\"Conserve de Thon\" class=\"wp-image-265\" srcset=\"https:\/\/www.gica.tn\/fr\/wp-content\/uploads\/2020\/02\/conserve-de-thon-1024x439.jpg 1024w, https:\/\/www.gica.tn\/fr\/wp-content\/uploads\/2020\/02\/conserve-de-thon-300x129.jpg 300w, https:\/\/www.gica.tn\/fr\/wp-content\/uploads\/2020\/02\/conserve-de-thon-768x329.jpg 768w, https:\/\/www.gica.tn\/fr\/wp-content\/uploads\/2020\/02\/conserve-de-thon-1536x658.jpg 1536w, https:\/\/www.gica.tn\/fr\/wp-content\/uploads\/2020\/02\/conserve-de-thon-128x55.jpg 128w, https:\/\/www.gica.tn\/fr\/wp-content\/uploads\/2020\/02\/conserve-de-thon-947x406.jpg 947w, https:\/\/www.gica.tn\/fr\/wp-content\/uploads\/2020\/02\/conserve-de-thon-624x267.jpg 624w, https:\/\/www.gica.tn\/fr\/wp-content\/uploads\/2020\/02\/conserve-de-thon-1320x566.jpg 1320w, https:\/\/www.gica.tn\/fr\/wp-content\/uploads\/2020\/02\/conserve-de-thon.jpg 2000w\" sizes=\"(max-width: 1024px) 100vw, 1024px\" \/><\/figure>\n\n\n\n<p>L\u2019industrie de conserve\nde thon a connu d\u2019importantes fluctuations au cours des ann\u00e9es 90. En effet,\nvers les ann\u00e9es 1992 et 1993 l\u2019activit\u00e9 risquait de disparaitre \u00e0 cause de\nl\u2019insuffisance de la mati\u00e8re premi\u00e8re qui est devenue de plus en plus rare.\nEnsuite, en 1994 cette activit\u00e9 a connu un important essor gr\u00e2ce aux facilit\u00e9s\naccord\u00e9es aux industriels de la fili\u00e8re de pouvoir importer du thon \u00e0 conserver.\nSuite \u00e0 cette d\u00e9cision, le nombre d\u2019op\u00e9rateurs dans ce domaine a\nsignificativement augment\u00e9 et la transformation de thon a \u00e9volu\u00e9 r\u00e9guli\u00e8rement\nen passant de moins de 1 000 tonnes en 1993 \u00e0 plus de 20 000 tonnes (moyenne au\ncours des cinq derni\u00e8res ann\u00e9es).<\/p>\n\n\n\n<p>Actuellement le tissu industriel de cette activit\u00e9 regroupe 16 unit\u00e9s (dont le p\u00f4le est concentr\u00e9 dans la r\u00e9gion du sud-est) totalisant une capacit\u00e9 de transformation journali\u00e8re de 260 tonnes de thons.<\/p>\n\n\n\n<hr class=\"wp-block-separator\"\/>\n\n\n\n<p><\/p>\n\n\n\n<p><\/p>\n","protected":false},"excerpt":{"rendered":"<p>L\u2019industrie de conserve de thon a connu d\u2019importantes fluctuations au cours des ann\u00e9es 90. En effet, vers les ann\u00e9es 1992 et 1993 l\u2019activit\u00e9 risquait de disparaitre \u00e0 cause de l\u2019insuffisance de la mati\u00e8re premi\u00e8re qui est devenue de plus en plus rare&#8230;<\/p>\n","protected":false},"author":1,"featured_media":265,"parent":0,"menu_order":0,"comment_status":"closed","ping_status":"closed","template":"","meta":{"footnotes":""},"class_list":["post-16","page","type-page","status-publish","has-post-thumbnail","hentry"],"_links":{"self":[{"href":"https:\/\/www.gica.tn\/fr\/index.php?rest_route=\/wp\/v2\/pages\/16"}],"collection":[{"href":"https:\/\/www.gica.tn\/fr\/index.php?rest_route=\/wp\/v2\/pages"}],"about":[{"href":"https:\/\/www.gica.tn\/fr\/index.php?rest_route=\/wp\/v2\/types\/page"}],"author":[{"embeddable":true,"href":"https:\/\/www.gica.tn\/fr\/index.php?rest_route=\/wp\/v2\/users\/1"}],"replies":[{"embeddable":true,"href":"https:\/\/www.gica.tn\/fr\/index.php?rest_route=%2Fwp%2Fv2%2Fcomments&post=16"}],"version-history":[{"count":8,"href":"https:\/\/www.gica.tn\/fr\/index.php?rest_route=\/wp\/v2\/pages\/16\/revisions"}],"predecessor-version":[{"id":658,"href":"https:\/\/www.gica.tn\/fr\/index.php?rest_route=\/wp\/v2\/pages\/16\/revisions\/658"}],"wp:featuredmedia":[{"embeddable":true,"href":"https:\/\/www.gica.tn\/fr\/index.php?rest_route=\/wp\/v2\/media\/265"}],"wp:attachment":[{"href":"https:\/\/www.gica.tn\/fr\/index.php?rest_route=%2Fwp%2Fv2%2Fmedia&parent=16"}],"curies":[{"name":"wp","href":"https:\/\/api.w.org\/{rel}","templated":true}]}}