{"id":127,"date":"2020-01-21T22:46:45","date_gmt":"2020-01-21T22:46:45","guid":{"rendered":"https:\/\/www.gica.tn\/fr\/?page_id=127"},"modified":"2020-07-22T13:17:48","modified_gmt":"2020-07-22T13:17:48","slug":"cooperation-internationale","status":"publish","type":"page","link":"https:\/\/www.gica.tn\/fr\/?page_id=127","title":{"rendered":"Coop\u00e9ration Internationale"},"content":{"rendered":"\n<p class=\"has-drop-cap\"><strong>Projet QUALIMED<br><\/strong> Le projet QUALIMED \u00ab\u00a0<strong>Le label de la qualit\u00e9 et de la s\u00e9curit\u00e9 alimentaire des produits agro-alimentaires provenant du Bassin de la M\u00e9diterran\u00e9e<\/strong>\u00a0\u00bb financ\u00e9 par la commission europ\u00e9enne s\u2019inscrit dans le cadre de la Coop\u00e9ration Transfrontali\u00e8re Italie\u2013 Tunisie 2007 Pour \u00ab Promouvoir l\u2019int\u00e9gration \u00e9conomique, sociale, institutionnelle et culturelle entre les territoires siciliens et tunisiens en accompagnant un processus de d\u00e9veloppement durable conjoint autour d\u2019un p\u00f4le de coop\u00e9ration transfrontali\u00e8re.<\/p>\n\n\n\n<p><strong>L\u2019objectif global du projet QUALIMED<\/strong> est la consolidation et le d\u00e9veloppement des<br> \u00e9changes commerciaux de produits agroalimentaires provenant des fili\u00e8res int\u00e9gr\u00e9es italo-tunisiennes et la vente sur les march\u00e9s internationaux gr\u00e2ce \u00e0 l\u2019utilisation d\u2019un signe conjoint distinctif de la qualit\u00e9 \u00ab QUALIMED \u00bb.<br><strong><em> Les produits concern\u00e9s par le label QUALIMED sont\u00a0:<\/em><\/strong><\/p>\n\n\n\n<p>Huile d\u2019olive<br> &#8211;\u00a0\u00a0 Olives de table<br> &#8211;\u00a0\u00a0\u00a0 Tomates s\u00e9ch\u00e9es<br> &#8211;\u00a0\u00a0\u00a0 Semi conserves des Sardines\/anchois (sal\u00e9es \/marin\u00e9es)<br> &#8211;\u00a0\u00a0\u00a0 Jus de raisin<br> <strong>Partenaires du Projet<\/strong>\u00a0:<\/p>\n\n\n\n<ul class=\"wp-block-list\"><li><strong>Provence de Trapani, Sicile \u2013 Italie<\/strong><\/li><li><strong>COSVAP\u00a0<\/strong>: Consortium Sicilien pour la Valorisation de la Prise en<\/li><li><strong>Poisson <\/strong> District <strong>Productif de la P\u00eache, Sicile \u2013 Italie<\/strong><\/li><li><strong>Consortium district du vin de la Sicile occidentale, Sicile \u2013 Italie<\/strong><\/li><li><strong>Consortium de la fili\u00e8re ol\u00e9icole, Sicile \u2013 Italie<\/strong><\/li><li>\u00a0<strong>GICA <\/strong>: Groupement des Industries de Conserves Alimentaires, Tunis \u2013 Tunisie<\/li><li><strong>UTAP\u00a0<\/strong>: Union Tunisienne de l\u2019Agriculture et de la P\u00eache, Tunis \u2013 Tunisie<\/li><li><strong>CTAA\u00a0<\/strong>: Centre Technique de l\u2019Agro Alimentaire, Tunis \u2013 Tunisie<\/li><li><strong>IRVT\u00a0<\/strong>: Institut de la Recherche V\u00e9t\u00e9rinaire de Tunisie, Tunis \u2013 Tunisie<br> Un lien vers le document complet du projet QUALIMED<\/li><\/ul>\n\n\n\n<p class=\"has-drop-cap\">Projet d\u2019Acc\u00e8s aux March\u00e9s de Produits<br> Agroalimentaires et de Terroir (PAMPAT1)<br> Entre 2013 et 2019 l\u2019organisation des nations unies pour le d\u00e9veloppement industriel<br> (ONUDI) a mis en \u0153uvre en collaboration avec le minist\u00e8re de l\u2019industrie et des PMEs et le minist\u00e8re de l\u2019Agriculture tunisiens la premi\u00e8re phase du Projet d\u2019Acc\u00e8s aux March\u00e9s de Produits Agroalimentaires et de Terroir (PAMPAT1) avec un financement de 5 millions de francs suisses du secr\u00e9tariat d\u2019Etat \u00e0 l\u2019Economie de Conf\u00e9d\u00e9ration Suisse (SECO).<br> L\u2019approche PAMPAT est ax\u00e9e sur le d\u00e9veloppement des chaines de valeur agroindustrielles de l\u2019amont \u00e0 l\u2019aval, la promotion des labels de qualit\u00e9 li\u00e9s \u00e0 l\u2019origine ainsi que la communication et le marketing pour assurer le rayonnement des produits du terroir aussi bien sur le march\u00e9 national que sur les march\u00e9s internationaux.<br>En coordination avec le GICA et la DGIAA, le projet PAMPAT I a travaill\u00e9 sur la promotion<br> de du signe de qualit\u00e9 pour la Harissa avec le \u00ab <a href=\"https:\/\/www.gica.tn\/fr\/?page_id=585\">Food Quality Label Tunisia<\/a>\u00bb <br> Gr\u00e2ce \u00e0 ce projet, les entreprises de la Harissa et plus de 300 fournisseurs de piments ont \u00e9t\u00e9 appuy\u00e9s pour se conformer aux exigences du label. En 2019, il existe huit soci\u00e9t\u00e9s (et neuf marques) de la Harissa certifi\u00e9es Food Quality Label.<\/p>\n\n\n\n<p>Par ailleurs, le GICA, dans le cadre de ce projet, avec les soci\u00e9t\u00e9s labellis\u00e9es et avec l\u2019appui du PAMPAT ont mis en place un programme de promotion pour \u00ab\u00a0Tunisian Harissa\u00a0\u00bb pour faire connaitre ce produit typiquement tunisien au grand public dans plusieurs pays europ\u00e9ens ainsi qu\u2019aux \u00c9tatsUnis.<br> Retomb\u00e9es du<strong> PAMPAT 1<\/strong>\u00a0:<\/p>\n\n\n\n<ul class=\"wp-block-list\"><li>Huit soci\u00e9t\u00e9s labellis\u00e9es et neuf marques de harissa FQL<\/li><li>Une hausse des prix pour les piments de qualit\u00e9 sup\u00e9rieure allant jusqu\u2019\u00e0 25%<\/li><li>Equipement du laboratoire du GICA par les analyses de capsaicine pour d\u00e9finir le<br>\nniveau du piquant de la harissa<\/li><li>Mise en place d\u2019un panel d\u2019experts d\u00e9gustateurs pour la harissa<\/li><li>D\u00e9p\u00f4t d\u2019un dossier pour inscription de la harissa au patrimoine immat\u00e9riel de<br>\nl\u2019UNESCO<\/li><\/ul>\n\n\n\n<hr class=\"wp-block-separator\"\/>\n","protected":false},"excerpt":{"rendered":"<p>Projet QUALIMED Le projet QUALIMED \u00ab\u00a0Le label de la qualit\u00e9 et de la s\u00e9curit\u00e9 alimentaire des produits agro-alimentaires provenant du Bassin de la M\u00e9diterran\u00e9e\u00a0\u00bb financ\u00e9 par la commission europ\u00e9enne s\u2019inscrit [&hellip;]<\/p>\n","protected":false},"author":1,"featured_media":0,"parent":0,"menu_order":0,"comment_status":"closed","ping_status":"closed","template":"","meta":{"footnotes":""},"class_list":["post-127","page","type-page","status-publish","hentry"],"_links":{"self":[{"href":"https:\/\/www.gica.tn\/fr\/index.php?rest_route=\/wp\/v2\/pages\/127"}],"collection":[{"href":"https:\/\/www.gica.tn\/fr\/index.php?rest_route=\/wp\/v2\/pages"}],"about":[{"href":"https:\/\/www.gica.tn\/fr\/index.php?rest_route=\/wp\/v2\/types\/page"}],"author":[{"embeddable":true,"href":"https:\/\/www.gica.tn\/fr\/index.php?rest_route=\/wp\/v2\/users\/1"}],"replies":[{"embeddable":true,"href":"https:\/\/www.gica.tn\/fr\/index.php?rest_route=%2Fwp%2Fv2%2Fcomments&post=127"}],"version-history":[{"count":4,"href":"https:\/\/www.gica.tn\/fr\/index.php?rest_route=\/wp\/v2\/pages\/127\/revisions"}],"predecessor-version":[{"id":617,"href":"https:\/\/www.gica.tn\/fr\/index.php?rest_route=\/wp\/v2\/pages\/127\/revisions\/617"}],"wp:attachment":[{"href":"https:\/\/www.gica.tn\/fr\/index.php?rest_route=%2Fwp%2Fv2%2Fmedia&parent=127"}],"curies":[{"name":"wp","href":"https:\/\/api.w.org\/{rel}","templated":true}]}}