{"id":121,"date":"2020-01-21T22:45:17","date_gmt":"2020-01-21T22:45:17","guid":{"rendered":"https:\/\/www.gica.tn\/fr\/?page_id=121"},"modified":"2020-08-07T12:53:25","modified_gmt":"2020-08-07T12:53:25","slug":"adhesion","status":"publish","type":"page","link":"https:\/\/www.gica.tn\/fr\/?page_id=121","title":{"rendered":"Adh\u00e9sion"},"content":{"rendered":"\n<p>Toutes les personnes physiques et morales ayant la qualit\u00e9\nde producteurs agricoles, transformateurs ou exportateurs des produits\nagricoles ou agroalimentaires peuvent adh\u00e9rer au GICA et b\u00e9n\u00e9ficier de ses\nservices (Conform\u00e9ment \u00e0 la Loi n\u00b093-84 du 26 juillet 1993). <\/p>\n\n\n\n<p><strong>&nbsp;Les obligations des membres<\/strong>&nbsp;:<\/p>\n\n\n\n<ul class=\"wp-block-list\"><li>\u0152uvrer \u00e0 la r\u00e9alisation des missions du Groupement,<\/li><li>Respecter les d\u00e9cisions prises par le conseil d\u2019administration,<\/li><li>Sauvegarder les biens et les int\u00e9r\u00eats du Groupement,<\/li><li>Fournir \u00e0 l\u2019administration du Groupement tous renseignements et informations exig\u00e9s par l\u2019int\u00e9r\u00eat du secteur et n\u00e9cessit\u00e9s par les missions du Groupement,<\/li><li>Respecter les mesures et les normes fix\u00e9es par le Groupement en collaboration avec les organismes concern\u00e9s et visant la promotion de la production et de la qualit\u00e9 des produits dans le secteur et d\u2019une mani\u00e8re g\u00e9n\u00e9rale, la r\u00e9alisation des missions du Groupement.<\/li><\/ul>\n\n\n\n<p><strong>Les droits des membres<\/strong>&nbsp;:<\/p>\n\n\n\n<ul class=\"wp-block-list\"><li>Participer \u00e0 l\u2019administration du Groupement selon les modalit\u00e9s d\u00e9finies par les statuts-types des Groupements (voir d\u00e9cret n\u00b094-1165 du 23 mai 1994),<\/li><li>B\u00e9n\u00e9ficier des services du Groupement dans les conditions pr\u00e9vues dans le d\u00e9cret n\u00b094-1165 du 23 mai 1994 et de tous les avantages que peut procurer le Groupement \u00e0 ses membres dans le cadre de ses missions,<\/li><li>Pr\u00e9senter toutes propositions et suggestions relatives \u00e0 l\u2019activit\u00e9 du Groupement.<\/li><\/ul>\n\n\n\n<p><strong>Pour adh\u00e9rer au GICA veuillez nous retourner d\u00fbment rempli le formulaire d&rsquo;adh\u00e9sion par courrier ou fax<\/strong>.<\/p>\n\n\n\n<div class=\"wp-block-file\"><a href=\"https:\/\/www.gica.tn\/fr\/wp-content\/uploads\/2020\/08\/Formulaire_adhesion-GICA.pdf\" target=\"_blank\" rel=\"noreferrer noopener\">Formulaire_adhesion GICA<\/a><a href=\"https:\/\/www.gica.tn\/fr\/wp-content\/uploads\/2020\/08\/Formulaire_adhesion-GICA.pdf\" class=\"wp-block-file__button\" download>T\u00e9l\u00e9charger<\/a><\/div>\n\n\n\n<hr class=\"wp-block-separator\"\/>\n\n\n\n<p><\/p>\n\n\n\n<p><\/p>\n","protected":false},"excerpt":{"rendered":"<p>Toutes les personnes physiques et morales ayant la qualit\u00e9 de producteurs agricoles, transformateurs ou exportateurs des produits agricoles ou agroalimentaires peuvent adh\u00e9rer au GICA et b\u00e9n\u00e9ficier de ses services (Conform\u00e9ment \u00e0 la Loi n\u00b093-84 du 26 juillet 1993). ..<\/p>\n","protected":false},"author":1,"featured_media":243,"parent":0,"menu_order":0,"comment_status":"closed","ping_status":"closed","template":"","meta":{"footnotes":""},"class_list":["post-121","page","type-page","status-publish","has-post-thumbnail","hentry"],"_links":{"self":[{"href":"https:\/\/www.gica.tn\/fr\/index.php?rest_route=\/wp\/v2\/pages\/121"}],"collection":[{"href":"https:\/\/www.gica.tn\/fr\/index.php?rest_route=\/wp\/v2\/pages"}],"about":[{"href":"https:\/\/www.gica.tn\/fr\/index.php?rest_route=\/wp\/v2\/types\/page"}],"author":[{"embeddable":true,"href":"https:\/\/www.gica.tn\/fr\/index.php?rest_route=\/wp\/v2\/users\/1"}],"replies":[{"embeddable":true,"href":"https:\/\/www.gica.tn\/fr\/index.php?rest_route=%2Fwp%2Fv2%2Fcomments&post=121"}],"version-history":[{"count":7,"href":"https:\/\/www.gica.tn\/fr\/index.php?rest_route=\/wp\/v2\/pages\/121\/revisions"}],"predecessor-version":[{"id":637,"href":"https:\/\/www.gica.tn\/fr\/index.php?rest_route=\/wp\/v2\/pages\/121\/revisions\/637"}],"wp:featuredmedia":[{"embeddable":true,"href":"https:\/\/www.gica.tn\/fr\/index.php?rest_route=\/wp\/v2\/media\/243"}],"wp:attachment":[{"href":"https:\/\/www.gica.tn\/fr\/index.php?rest_route=%2Fwp%2Fv2%2Fmedia&parent=121"}],"curies":[{"name":"wp","href":"https:\/\/api.w.org\/{rel}","templated":true}]}}