{"id":119,"date":"2020-01-21T22:44:41","date_gmt":"2020-01-21T22:44:41","guid":{"rendered":"https:\/\/www.gica.tn\/fr\/?page_id=119"},"modified":"2020-03-02T22:09:55","modified_gmt":"2020-03-02T22:09:55","slug":"activite-et-missions","status":"publish","type":"page","link":"https:\/\/www.gica.tn\/fr\/?page_id=119","title":{"rendered":"Activit\u00e9 et Missions"},"content":{"rendered":"\n<p>Le Groupement des industries de conserves alimentaires\ndispose de quatre directions&nbsp;: &nbsp;<\/p>\n\n\n\n<ul class=\"wp-block-list\"><li>La Direction Administrative\net Financi\u00e8re<\/li><li>La Direction de\nd\u00e9veloppement et de suivi des cha\u00eenes de valeurs<\/li><li>La Direction du\nd\u00e9veloppement commercial et marketing<\/li><li>La Direction de la\npromotion de la qualit\u00e9 et de la s\u00e9curit\u00e9 alimentaire et environnementale<\/li><\/ul>\n\n\n\n<p><strong> <\/strong><\/p>\n\n\n\n<p>Le GICA assure&nbsp;les missions suivantes :<\/p>\n\n\n\n<ul class=\"wp-block-list\"><li>Assurer\n     la liaison entre les diff\u00e9rentes phases par lesquelles passent les\n     produits dans le cadre des fili\u00e8res, aider les producteurs \u00e0 s&rsquo;y int\u00e9grer\n     et encourager les producteurs, les transformateurs et les commer\u00e7ants des\n     produits agricoles \u00e0 travailler au moyen de contrats de production.<\/li><li>Faciliter\n     la concertation entre les professionnels (industriels et agriculteurs) et\n     l&rsquo;administration afin de fixer les objectifs des diff\u00e9rentes fili\u00e8res et\n     leurs mises en \u0153uvre.<\/li><li>Equilibrer\n     le march\u00e9 en usant des m\u00e9canismes ad\u00e9quats en se r\u00e9f\u00e9rant aux donn\u00e9es\n     collect\u00e9es gr\u00e2ce au suivi des campagnes de transformation et les\n     statistiques de production et de transformation des produits agricoles et\n     de la p\u00eache. <\/li><li>Participer\n     \u00e0 la promotion de l&rsquo;exportation en collaboration et coordination avec les\n     organismes professionnels et administratifs concern\u00e9s.<\/li><li>Encourager\n     les exportations des conserves alimentaires en recherchant de nouveaux\n     march\u00e9s et en organisant des saisons de commercialisation et d\u2019export en\n     \u00e9troite collaboration avec les organismes concern\u00e9s. <\/li><li>D\u00e9velopper\n     la qualit\u00e9, la quantit\u00e9 et la tra\u00e7abilit\u00e9 des produits de conserves\n     alimentaires par la R&amp;D et la r\u00e9alisation des \u00e9tudes de r\u00e9alit\u00e9 et de\n     perspectives. <\/li><li>Soutenir\n     les adh\u00e9rents par la formation, le recyclage et l\u2019encadrement. <\/li><li>Valoriser\n     les conserves alimentaires par la gestion et le d\u00e9veloppement de labels de\n     qualit\u00e9s.<\/li><li>Am\u00e9liorer\n     la qualit\u00e9 et la comp\u00e9titivit\u00e9 des produits alimentaires par la\n     surveillance sanitaire et le contr\u00f4le des exigences de production et de\n     conditionnement dans les usines ainsi que par l\u2019application du syst\u00e8me de\n     management de la qualit\u00e9 selon la norme internationale en vigueur.<\/li><\/ul>\n","protected":false},"excerpt":{"rendered":"<p>Le GICA assure les missions suivantes :<br \/>\n\uf0a7\tAssurer la liaison entre les diff\u00e9rentes phases par lesquelles passent les produits dans le cadre des fili\u00e8res, aider les producteurs  ..<\/p>\n","protected":false},"author":1,"featured_media":239,"parent":0,"menu_order":0,"comment_status":"closed","ping_status":"closed","template":"","meta":{"footnotes":""},"class_list":["post-119","page","type-page","status-publish","has-post-thumbnail","hentry"],"_links":{"self":[{"href":"https:\/\/www.gica.tn\/fr\/index.php?rest_route=\/wp\/v2\/pages\/119"}],"collection":[{"href":"https:\/\/www.gica.tn\/fr\/index.php?rest_route=\/wp\/v2\/pages"}],"about":[{"href":"https:\/\/www.gica.tn\/fr\/index.php?rest_route=\/wp\/v2\/types\/page"}],"author":[{"embeddable":true,"href":"https:\/\/www.gica.tn\/fr\/index.php?rest_route=\/wp\/v2\/users\/1"}],"replies":[{"embeddable":true,"href":"https:\/\/www.gica.tn\/fr\/index.php?rest_route=%2Fwp%2Fv2%2Fcomments&post=119"}],"version-history":[{"count":3,"href":"https:\/\/www.gica.tn\/fr\/index.php?rest_route=\/wp\/v2\/pages\/119\/revisions"}],"predecessor-version":[{"id":508,"href":"https:\/\/www.gica.tn\/fr\/index.php?rest_route=\/wp\/v2\/pages\/119\/revisions\/508"}],"wp:featuredmedia":[{"embeddable":true,"href":"https:\/\/www.gica.tn\/fr\/index.php?rest_route=\/wp\/v2\/media\/239"}],"wp:attachment":[{"href":"https:\/\/www.gica.tn\/fr\/index.php?rest_route=%2Fwp%2Fv2%2Fmedia&parent=119"}],"curies":[{"name":"wp","href":"https:\/\/api.w.org\/{rel}","templated":true}]}}