{"id":117,"date":"2020-01-21T22:44:04","date_gmt":"2020-01-21T22:44:04","guid":{"rendered":"https:\/\/www.gica.tn\/fr\/?page_id=117"},"modified":"2020-08-07T12:33:31","modified_gmt":"2020-08-07T12:33:31","slug":"creation-et-fonctionnement","status":"publish","type":"page","link":"https:\/\/www.gica.tn\/fr\/?page_id=117","title":{"rendered":"Cr\u00e9ation et fonctionnement"},"content":{"rendered":"\n<p>Le groupement des industries de conserves alimentaires cr\u00e9e\nen Juillet 1965, est un \u00e9tablissement d\u2019utilit\u00e9 \u00e9conomique dot\u00e9 de la\npersonnalit\u00e9 civile. Il est sous la tutelle du minist\u00e8re de l\u2019industrie et des\nPMEs pour f\u00e9d\u00e9rer les professionnels des fili\u00e8res de transformation de fruits,\nl\u00e9gumes et poissons. <\/p>\n\n\n\n<p>Le GICA est financi\u00e8rement autonome et ses d\u00e9penses \u00e9margent\nsur le Fonds de d\u00e9veloppement de la comp\u00e9titivit\u00e9 industrielle (FODEC). <\/p>\n\n\n\n<p>Le Groupement est administr\u00e9 par un conseil d\u2019administration qui est pr\u00e9sid\u00e9 par <strong>M. Samir Majoul (UTICA)<\/strong>.<\/p>\n\n\n\n<p>Le conseil est compos\u00e9 par&nbsp;: <\/p>\n\n\n\n<ul class=\"wp-block-list\"><li>Un repr\u00e9sentant du Minist\u00e8re charg\u00e9 de l\u2019Industrie<\/li><li>Un repr\u00e9sentant du Minist\u00e8re charg\u00e9 des Finances<\/li><li>Un repr\u00e9sentant du Minist\u00e8re charg\u00e9 du Commerce<\/li><li>Un repr\u00e9sentant du Minist\u00e8re charg\u00e9 de l\u2019Agriculture<\/li><li>Quatre repr\u00e9sentants de l\u2019Union Tunisienne de l\u2019Industrie, du Commerce et de l\u2019Artisanat (UTICA) <\/li><li>Quatre repr\u00e9sentants de l\u2019Union Tunisienne de l\u2019Agriculture et de la P\u00eache (UTAP)<\/li><\/ul>\n","protected":false},"excerpt":{"rendered":"<p>Le groupement des industries de conserves alimentaires cr\u00e9e en Juillet 1965, est un \u00e9tablissement d\u2019utilit\u00e9 \u00e9conomique dot\u00e9 de la personnalit\u00e9 civile. Il est sous la tutelle du minist\u00e8re de l\u2019industrie [&hellip;]<\/p>\n","protected":false},"author":1,"featured_media":236,"parent":0,"menu_order":0,"comment_status":"closed","ping_status":"closed","template":"","meta":{"footnotes":""},"class_list":["post-117","page","type-page","status-publish","has-post-thumbnail","hentry"],"_links":{"self":[{"href":"https:\/\/www.gica.tn\/fr\/index.php?rest_route=\/wp\/v2\/pages\/117"}],"collection":[{"href":"https:\/\/www.gica.tn\/fr\/index.php?rest_route=\/wp\/v2\/pages"}],"about":[{"href":"https:\/\/www.gica.tn\/fr\/index.php?rest_route=\/wp\/v2\/types\/page"}],"author":[{"embeddable":true,"href":"https:\/\/www.gica.tn\/fr\/index.php?rest_route=\/wp\/v2\/users\/1"}],"replies":[{"embeddable":true,"href":"https:\/\/www.gica.tn\/fr\/index.php?rest_route=%2Fwp%2Fv2%2Fcomments&post=117"}],"version-history":[{"count":3,"href":"https:\/\/www.gica.tn\/fr\/index.php?rest_route=\/wp\/v2\/pages\/117\/revisions"}],"predecessor-version":[{"id":634,"href":"https:\/\/www.gica.tn\/fr\/index.php?rest_route=\/wp\/v2\/pages\/117\/revisions\/634"}],"wp:featuredmedia":[{"embeddable":true,"href":"https:\/\/www.gica.tn\/fr\/index.php?rest_route=\/wp\/v2\/media\/236"}],"wp:attachment":[{"href":"https:\/\/www.gica.tn\/fr\/index.php?rest_route=%2Fwp%2Fv2%2Fmedia&parent=117"}],"curies":[{"name":"wp","href":"https:\/\/api.w.org\/{rel}","templated":true}]}}