{"id":102,"date":"2020-01-21T22:38:13","date_gmt":"2020-01-21T22:38:13","guid":{"rendered":"https:\/\/www.gica.tn\/fr\/?page_id=102"},"modified":"2020-02-18T14:44:55","modified_gmt":"2020-02-18T14:44:55","slug":"analyses-microbiologiques","status":"publish","type":"page","link":"https:\/\/www.gica.tn\/fr\/?page_id=102","title":{"rendered":"Analyses microbiologiques"},"content":{"rendered":"\n<figure class=\"wp-block-image size-large\"><img loading=\"lazy\" decoding=\"async\" width=\"899\" height=\"257\" src=\"https:\/\/www.gica.tn\/fr\/wp-content\/uploads\/2020\/02\/laboratoire_cosmetique.jpg\" alt=\"\" class=\"wp-image-334\" srcset=\"https:\/\/www.gica.tn\/fr\/wp-content\/uploads\/2020\/02\/laboratoire_cosmetique.jpg 899w, https:\/\/www.gica.tn\/fr\/wp-content\/uploads\/2020\/02\/laboratoire_cosmetique-300x86.jpg 300w, https:\/\/www.gica.tn\/fr\/wp-content\/uploads\/2020\/02\/laboratoire_cosmetique-768x220.jpg 768w, https:\/\/www.gica.tn\/fr\/wp-content\/uploads\/2020\/02\/laboratoire_cosmetique-192x55.jpg 192w, https:\/\/www.gica.tn\/fr\/wp-content\/uploads\/2020\/02\/laboratoire_cosmetique-624x178.jpg 624w\" sizes=\"(max-width: 899px) 100vw, 899px\" \/><\/figure>\n\n\n\n<p>Le laboratoire d\u2019essais du GICA (Section Microbiologie) offre aux entreprises du secteur des conserves et semi-conserves alimentaires un \u00e9ventail d\u2019analyses en microbiologie alimentaire.<\/p>\n\n\n\n<blockquote class=\"wp-block-quote is-style-large is-layout-flow wp-block-quote-is-layout-flow\"><p><strong>Les Analyses microbiologiques<\/strong><\/p><cite> Essais accr\u00e9dit\u00e9s <\/cite><\/blockquote>\n\n\n\n<figure class=\"wp-block-table is-style-stripes\"><table class=\"\"><tbody><tr><td>\n  <strong>ANALYSES<\/strong><strong><\/strong>\n  <\/td><td>\n  <strong>REFERENCES<\/strong><strong><\/strong>\n  <\/td><\/tr><tr><td>\n  <strong>D\u00e9nombrement des moisissures (M\u00e9thode de Howard) *<\/strong>\n  <\/td><td>\n  <strong>D\u00e9cision du\n  CTCPA n\u00b08(1988) paragraphe n\u00b010<\/strong>\n  <strong>&nbsp;<\/strong>\n  <\/td><\/tr><tr><td>\n  <strong>&nbsp;<\/strong>\n  <strong>Test de stabilit\u00e9 m\u00e9thode de routine *<\/strong>\n  <strong>&nbsp;<\/strong>\n  <\/td><td>\n  <strong>NF V08-408<\/strong>\n  <\/td><\/tr><tr><td>\n  <strong>&nbsp;<\/strong>\n  <strong>Test de stabilit\u00e9 m\u00e9thode de r\u00e9f\u00e9rence *<\/strong>\n  <strong>&nbsp;<\/strong>\n  <\/td><td>\n  <strong>NF V08-401<\/strong>\n  <\/td><\/tr><\/tbody><\/table><\/figure>\n\n\n\n<p class=\"has-normal-font-size\"><strong>Le laboratoire est \u00e9quip\u00e9 d\u2019un mat\u00e9riel moderne tels que :<\/strong><\/p>\n\n\n\n<ul class=\"wp-block-list\"><li>Balances\n     analytiques<\/li><li>Appareils de\n     pr\u00e9paration de milieux de culture<\/li><li>Automate de\n     distribution de milieux liquides<\/li><li>Broyeur\n     (pr\u00e9paration \u00e9chantillons)<\/li><li>Hotte \u00e0 flux laminaire<\/li><li>Appareil de\n     pr\u00e9paration des suspensions m\u00e8res \u00ab Dilumat \u00bb<\/li><li>Etuves\n     bact\u00e9riologiques<\/li><li>Homog\u00e9n\u00e9isateur<\/li><li>Autoclaves\n     (st\u00e9rilisation et d\u00e9contamination)<\/li><li>R\u00e9frig\u00e9rateur\n     de Laboratoire<\/li><\/ul>\n\n\n\n<hr class=\"wp-block-separator\"\/>\n\n\n\n<hr class=\"wp-block-separator\"\/>\n","protected":false},"excerpt":{"rendered":"<p>Le laboratoire d\u2019essais du GICA (Section Microbiologie) offre aux entreprises du secteur des conserves&#8230;<\/p>\n","protected":false},"author":1,"featured_media":334,"parent":0,"menu_order":0,"comment_status":"closed","ping_status":"closed","template":"","meta":{"footnotes":""},"class_list":["post-102","page","type-page","status-publish","has-post-thumbnail","hentry"],"_links":{"self":[{"href":"https:\/\/www.gica.tn\/fr\/index.php?rest_route=\/wp\/v2\/pages\/102"}],"collection":[{"href":"https:\/\/www.gica.tn\/fr\/index.php?rest_route=\/wp\/v2\/pages"}],"about":[{"href":"https:\/\/www.gica.tn\/fr\/index.php?rest_route=\/wp\/v2\/types\/page"}],"author":[{"embeddable":true,"href":"https:\/\/www.gica.tn\/fr\/index.php?rest_route=\/wp\/v2\/users\/1"}],"replies":[{"embeddable":true,"href":"https:\/\/www.gica.tn\/fr\/index.php?rest_route=%2Fwp%2Fv2%2Fcomments&post=102"}],"version-history":[{"count":5,"href":"https:\/\/www.gica.tn\/fr\/index.php?rest_route=\/wp\/v2\/pages\/102\/revisions"}],"predecessor-version":[{"id":338,"href":"https:\/\/www.gica.tn\/fr\/index.php?rest_route=\/wp\/v2\/pages\/102\/revisions\/338"}],"wp:featuredmedia":[{"embeddable":true,"href":"https:\/\/www.gica.tn\/fr\/index.php?rest_route=\/wp\/v2\/media\/334"}],"wp:attachment":[{"href":"https:\/\/www.gica.tn\/fr\/index.php?rest_route=%2Fwp%2Fv2%2Fmedia&parent=102"}],"curies":[{"name":"wp","href":"https:\/\/api.w.org\/{rel}","templated":true}]}}