{"id":10,"date":"2020-01-21T21:40:00","date_gmt":"2020-01-21T21:40:00","guid":{"rendered":"https:\/\/www.gica.tn\/fr\/?page_id=10"},"modified":"2020-08-12T13:21:49","modified_gmt":"2020-08-12T13:21:49","slug":"presentation-du-secteur-conserves-de-tomates","status":"publish","type":"page","link":"https:\/\/www.gica.tn\/fr\/?page_id=10","title":{"rendered":"Conserves de tomates"},"content":{"rendered":"\n<h2 class=\"wp-block-heading\">Pr\u00e9sentation du secteur <\/h2>\n\n\n\n<figure class=\"wp-block-image size-large\"><img loading=\"lazy\" decoding=\"async\" width=\"1024\" height=\"379\" src=\"https:\/\/www.gica.tn\/fr\/wp-content\/uploads\/2020\/02\/conserves-de-tomate-BAR-1024x379.jpg\" alt=\"Conserves de tomates\" class=\"wp-image-291\" srcset=\"https:\/\/www.gica.tn\/fr\/wp-content\/uploads\/2020\/02\/conserves-de-tomate-BAR-1024x379.jpg 1024w, https:\/\/www.gica.tn\/fr\/wp-content\/uploads\/2020\/02\/conserves-de-tomate-BAR-300x111.jpg 300w, https:\/\/www.gica.tn\/fr\/wp-content\/uploads\/2020\/02\/conserves-de-tomate-BAR-768x284.jpg 768w, https:\/\/www.gica.tn\/fr\/wp-content\/uploads\/2020\/02\/conserves-de-tomate-BAR-1536x568.jpg 1536w, https:\/\/www.gica.tn\/fr\/wp-content\/uploads\/2020\/02\/conserves-de-tomate-BAR-2048x757.jpg 2048w, https:\/\/www.gica.tn\/fr\/wp-content\/uploads\/2020\/02\/conserves-de-tomate-BAR-149x55.jpg 149w, https:\/\/www.gica.tn\/fr\/wp-content\/uploads\/2020\/02\/conserves-de-tomate-BAR-947x350.jpg 947w, https:\/\/www.gica.tn\/fr\/wp-content\/uploads\/2020\/02\/conserves-de-tomate-BAR-624x231.jpg 624w, https:\/\/www.gica.tn\/fr\/wp-content\/uploads\/2020\/02\/conserves-de-tomate-BAR-1320x488.jpg 1320w\" sizes=\"(max-width: 1024px) 100vw, 1024px\" \/><\/figure>\n\n\n\n<p>Les conserves de tomate regroupent les tomates pel\u00e9es, les tomates\nconcass\u00e9es, les sauces pour p\u00e2tes pizza, les coulis, les jus, &#8230;<\/p>\n\n\n\n<p>La production tunisienne de conserves de tomates a enregistr\u00e9 une nette augmentation au cours des derni\u00e8res campagnes. En effet la production est pass\u00e9e de pr\u00e8s de 4 000 tonnes en 2015 \u00e0 12000 tonnes en 2018.\u00a0 <\/p>\n\n\n\n<p>La production de ces produits est assur\u00e9e par 6 unit\u00e9s industrielles, dont une usine sp\u00e9cialis\u00e9e et 5 usines de concentr\u00e9 de tomate. <\/p>\n\n\n\n<hr class=\"wp-block-separator\"\/>\n","protected":false},"excerpt":{"rendered":"<p>Les conserves de tomate regroupent les tomates pel\u00e9es, les tomates concass\u00e9es, les sauces pour p\u00e2tes pizza, les coulis, les jus, &#8230;<\/p>\n","protected":false},"author":1,"featured_media":256,"parent":0,"menu_order":0,"comment_status":"closed","ping_status":"closed","template":"","meta":{"footnotes":""},"class_list":["post-10","page","type-page","status-publish","has-post-thumbnail","hentry"],"_links":{"self":[{"href":"https:\/\/www.gica.tn\/fr\/index.php?rest_route=\/wp\/v2\/pages\/10"}],"collection":[{"href":"https:\/\/www.gica.tn\/fr\/index.php?rest_route=\/wp\/v2\/pages"}],"about":[{"href":"https:\/\/www.gica.tn\/fr\/index.php?rest_route=\/wp\/v2\/types\/page"}],"author":[{"embeddable":true,"href":"https:\/\/www.gica.tn\/fr\/index.php?rest_route=\/wp\/v2\/users\/1"}],"replies":[{"embeddable":true,"href":"https:\/\/www.gica.tn\/fr\/index.php?rest_route=%2Fwp%2Fv2%2Fcomments&post=10"}],"version-history":[{"count":6,"href":"https:\/\/www.gica.tn\/fr\/index.php?rest_route=\/wp\/v2\/pages\/10\/revisions"}],"predecessor-version":[{"id":665,"href":"https:\/\/www.gica.tn\/fr\/index.php?rest_route=\/wp\/v2\/pages\/10\/revisions\/665"}],"wp:featuredmedia":[{"embeddable":true,"href":"https:\/\/www.gica.tn\/fr\/index.php?rest_route=\/wp\/v2\/media\/256"}],"wp:attachment":[{"href":"https:\/\/www.gica.tn\/fr\/index.php?rest_route=%2Fwp%2Fv2%2Fmedia&parent=10"}],"curies":[{"name":"wp","href":"https:\/\/api.w.org\/{rel}","templated":true}]}}