{"id":735,"date":"2020-07-22T13:40:48","date_gmt":"2020-07-22T13:40:48","guid":{"rendered":"https:\/\/www.gica.tn\/en\/?page_id=735"},"modified":"2020-07-22T14:19:28","modified_gmt":"2020-07-22T14:19:28","slug":"harissa-food-quality-label","status":"publish","type":"page","link":"https:\/\/www.gica.tn\/en\/?page_id=735","title":{"rendered":"Harissa Food Quality Label"},"content":{"rendered":"\n<p>The &#8220;<strong>Food Quality Label<\/strong>&#8221; for harissa was launched in 2014 to protect the<br>high quality Tunisian harissa as a local product from imitations on international markets and to meet the requirements of a growing number<br>of Tunisian and foreign customers who demand more guarantees on the<br>authenticity and origin of the product. GICA (the Tunisian group for canned<br>food industries) is the body responsible for the management of the Food<br>Quality Label for canned Harissa.<br>Specifications relating to obtaining the Tunisian quality label for the production of canned Harissa of superior quality have been drawn up<br>setting strict production requirements that each producer must comply<br>with.<\/p>\n\n\n\n<p>The logo on the packaging of certified Tunisian Harissa is a guarantee of anauthentic traditional recipe as well as the quality and freshness of itscarefully selected ingredients.<\/p>\n\n\n\n<p>Manufacturers of Food Quality Label certified harissa are subject to internal and external controls in order to ensure the constant quality of the product and to guarantee the rigorous respect of the specifications.<\/p>\n\n\n\n<p><strong>Labelled companies <\/strong><\/p>\n\n\n\n<p>Since the launch of the &#8220;<strong>Food Quality Label Tunisia<\/strong>&#8221; for harissa in 2014, a growing number of Tunisian companies have joined the FQL labelling process. <\/p>\n\n\n\n<p>Eight companies producing Harissa are now certified &#8220;Food Quality Label&#8221;.<\/p>\n\n\n\n<figure class=\"wp-block-table\"><table><tbody><tr><td><strong>The company<\/strong><\/td><td><strong>The brand labeled<\/strong><\/td><\/tr><tr><td>Tunisian Industrial Company of Cap Bon<br>(Soci\u00e9t\u00e9 Tunisienne Industrielle du Cap Bon)<\/td><td><img decoding=\"async\" src=\"https:\/\/www.gica.tn\/fr\/wp-content\/uploads\/2020\/05\/TAB-1.png\" alt=\"\"><\/td><\/tr><tr><td>Cap Bon Modern Canning Society<br>(Soci\u00e9t\u00e9 des Conserves Modernes du Cap Bon)<\/td><td><img decoding=\"async\" src=\"https:\/\/www.gica.tn\/fr\/wp-content\/uploads\/2020\/05\/TAB-2.png\" alt=\"\"><\/td><\/tr><tr><td>DAOUD Food Canning Company<br>(Soci\u00e9t\u00e9 DAOUD De Conserves Alimentaires)<\/td><td><img decoding=\"async\" src=\"https:\/\/www.gica.tn\/fr\/wp-content\/uploads\/2020\/05\/TAB-3.png\" alt=\"\"><\/td><\/tr><tr><td>Soci\u00e9t\u00e9 Carthage Food<br>(Carthage Food industry)<\/td><td><img decoding=\"async\" src=\"https:\/\/www.gica.tn\/fr\/wp-content\/uploads\/2020\/05\/TAB-4.png\" alt=\"\"><\/td><\/tr><tr><td>Zgolli Fr\u00e8res company<br>Soci\u00e9t\u00e9 Zgolli Fr\u00e8res<\/td><td><img decoding=\"async\" src=\"https:\/\/www.gica.tn\/fr\/wp-content\/uploads\/2020\/05\/TAB-5.png\" alt=\"\"><\/td><\/tr><tr><td>Ayachi Cannery Company<br>(Soci\u00e9t\u00e9 Conserverie Ayachi)<\/td><td><img decoding=\"async\" src=\"https:\/\/www.gica.tn\/fr\/wp-content\/uploads\/2020\/05\/TAB-6.png\" alt=\"\"><\/td><\/tr><tr><td>SCAP\/ CB company<br>Soci\u00e9t\u00e9 SCAP\/ CB<\/td><td><img decoding=\"async\" src=\"https:\/\/www.gica.tn\/fr\/wp-content\/uploads\/2020\/05\/TAB-7.png\" alt=\"\"><\/td><\/tr><tr><td>The general of canned food<br>La G\u00e9n\u00e9rale des Conserves Alimentaires<\/td><td><img decoding=\"async\" src=\"https:\/\/www.gica.tn\/fr\/wp-content\/uploads\/2020\/05\/TAB-8.png\" alt=\"\"><\/td><\/tr><\/tbody><\/table><\/figure>\n\n\n\n<hr class=\"wp-block-separator\"\/>\n","protected":false},"excerpt":{"rendered":"<p>The &#8220;Food Quality Label&#8221; for harissa was launched in 2014 to protect thehigh quality Tunisian harissa as a local product from imitations on international markets and to meet the requirements [&hellip;]<\/p>\n","protected":false},"author":1,"featured_media":0,"parent":0,"menu_order":0,"comment_status":"closed","ping_status":"closed","template":"","meta":{"footnotes":""},"class_list":["post-735","page","type-page","status-publish","hentry"],"_links":{"self":[{"href":"https:\/\/www.gica.tn\/en\/index.php?rest_route=\/wp\/v2\/pages\/735"}],"collection":[{"href":"https:\/\/www.gica.tn\/en\/index.php?rest_route=\/wp\/v2\/pages"}],"about":[{"href":"https:\/\/www.gica.tn\/en\/index.php?rest_route=\/wp\/v2\/types\/page"}],"author":[{"embeddable":true,"href":"https:\/\/www.gica.tn\/en\/index.php?rest_route=\/wp\/v2\/users\/1"}],"replies":[{"embeddable":true,"href":"https:\/\/www.gica.tn\/en\/index.php?rest_route=%2Fwp%2Fv2%2Fcomments&post=735"}],"version-history":[{"count":2,"href":"https:\/\/www.gica.tn\/en\/index.php?rest_route=\/wp\/v2\/pages\/735\/revisions"}],"predecessor-version":[{"id":747,"href":"https:\/\/www.gica.tn\/en\/index.php?rest_route=\/wp\/v2\/pages\/735\/revisions\/747"}],"wp:attachment":[{"href":"https:\/\/www.gica.tn\/en\/index.php?rest_route=%2Fwp%2Fv2%2Fmedia&parent=735"}],"curies":[{"name":"wp","href":"https:\/\/api.w.org\/{rel}","templated":true}]}}